{"id":8732,"date":"2024-03-26T16:49:05","date_gmt":"2024-03-26T16:49:05","guid":{"rendered":"https:\/\/gaspar.com.pt\/produto\/instrucoes-e-declaracoes-de-desempenho\/"},"modified":"2024-03-26T16:49:05","modified_gmt":"2024-03-26T16:49:05","slug":"instrucoes-e-declaracoes-de-desempenho","status":"publish","type":"product","link":"https:\/\/gaspar.com.pt\/en\/produto\/instrucoes-e-declaracoes-de-desempenho\/","title":{"rendered":"Instru\u00e7\u00f5es e Declara\u00e7\u00f5es de Desempenho"},"content":{"rendered":"<p>Poder\u00e1 fazer download do C<strong>ertificado de Regularidade de Desempenho CE<\/strong> da sinaliza\u00e7\u00e3o de c\u00f3digo fabricada na SINALNORTE <a href=\"https:\/\/drive.google.com\/file\/d\/1CwIFscc_pU1oms77GZgKARPYsNkRvWqn\/view?usp=sharing\">aqui<\/a>.<\/p>\n<p>Poder\u00e1 fazer download do das <strong>declara\u00e7\u00f5es de desempenho<\/strong> da sinaliza\u00e7\u00e3o de c\u00f3digo fabricada na SINALNORTE nos seguintes links:<\/p>\n<ul>\n<li>Sinais de tr\u00e2nsito fixos: <a href=\"https:\/\/drive.google.com\/file\/d\/1qiZAGuBB8G755TavE66AD1h3oYj2Ussj\/view?usp=sharing\">aqui;<\/a><\/li>\n<li>Conjunto de sinais de tr\u00e2nsito fixos e suportes: <a href=\"https:\/\/drive.google.com\/file\/d\/1_XHhhQX111FmM_FotqUJ_IAjbYYqozA9\/view?usp=sharing\">aqui;<\/a><\/li>\n<li>Suportes para sinais de tr\u00e2nsito fixos: <a href=\"https:\/\/drive.google.com\/file\/d\/18BY7cIx9a5T6Sqr7m9YKdYaj5YP0GAOx\/view?usp=sharing\">aqui.<\/a><\/li>\n<\/ul>\n<p>Poder\u00e1 fazer download do <strong>manual de montagem e instala\u00e7\u00e3o da sinaliza\u00e7\u00e3o de c\u00f3digo<\/strong> fabricada na SINALNORTE <a href=\"https:\/\/drive.google.com\/file\/d\/1J2xMWFj8icxeacDYn9_Av_69e2ubGSIb\/view?usp=sharing\">aqui<\/a>.<\/p>\n","protected":false},"excerpt":{"rendered":"<p>Poder\u00e1 fazer download do <strong>Certificado de Regularidade de Desempenho CE<\/strong> da sinaliza\u00e7\u00e3o de c\u00f3digo fabricada na SINALNORTE <a href=\"https:\/\/drive.google.com\/file\/d\/1CwIFscc_pU1oms77GZgKARPYsNkRvWqn\/view?usp=sharing\">aqui<\/a>.<\/p>\n<p>Poder\u00e1 fazer download do das <strong>declara\u00e7\u00f5es de desempenho<\/strong> da sinaliza\u00e7\u00e3o de c\u00f3digo fabricada na SINALNORTE nos seguintes links:<\/p>\n<ul>\n<li>Sinais de tr\u00e2nsito fixos: <a href=\"https:\/\/drive.google.com\/file\/d\/1qiZAGuBB8G755TavE66AD1h3oYj2Ussj\/view?usp=sharing\">aqui;<\/a><\/li>\n<li>Conjunto de sinais de tr\u00e2nsito fixos e suportes: <a href=\"https:\/\/drive.google.com\/file\/d\/1_XHhhQX111FmM_FotqUJ_IAjbYYqozA9\/view?usp=sharing\">aqui;<\/a><\/li>\n<li>Suportes para sinais de tr\u00e2nsito fixos: <a href=\"https:\/\/drive.google.com\/file\/d\/18BY7cIx9a5T6Sqr7m9YKdYaj5YP0GAOx\/view?usp=sharing\">aqui.<\/a><\/li>\n<\/ul>\n<p>Poder\u00e1 fazer download do <strong>manual de montagem e instala\u00e7\u00e3o da sinaliza\u00e7\u00e3o de c\u00f3digo<\/strong> fabricada na SINALNORTE <a href=\"https:\/\/drive.google.com\/file\/d\/1J2xMWFj8icxeacDYn9_Av_69e2ubGSIb\/view?usp=sharing\">aqui<\/a>.<\/p>\n","protected":false},"featured_media":6833,"comment_status":"open","ping_status":"closed","template":"","meta":{"_acf_changed":false,"inline_featured_image":false},"product_brand":[],"product_cat":[550,519],"product_tag":[],"class_list":{"0":"post-8732","1":"product","2":"type-product","3":"status-publish","4":"has-post-thumbnail","6":"product_cat-certificado-de-regularidade-de-desempenho-ce","7":"product_cat-sinalizacao-vertical","9":"first","10":"instock","11":"shipping-taxable","12":"product-type-simple"},"acf":[],"yoast_head":"<!-- This site is optimized with the Yoast SEO plugin v27.4 - https:\/\/yoast.com\/product\/yoast-seo-wordpress\/ -->\n<title>Instru\u00e7\u00f5es e Declara\u00e7\u00f5es de Desempenho - Gaspar<\/title>\n<meta name=\"robots\" content=\"index, follow, max-snippet:-1, max-image-preview:large, max-video-preview:-1\" \/>\n<link rel=\"canonical\" href=\"https:\/\/gaspar.com.pt\/en\/produto\/instrucoes-e-declaracoes-de-desempenho\/\" \/>\n<meta property=\"og:locale\" content=\"en_US\" \/>\n<meta property=\"og:type\" content=\"article\" \/>\n<meta property=\"og:title\" content=\"Instru\u00e7\u00f5es e Declara\u00e7\u00f5es de Desempenho - Gaspar\" \/>\n<meta property=\"og:description\" content=\"Poder\u00e1 fazer download do Certificado de Regularidade de Desempenho CE da sinaliza\u00e7\u00e3o de c\u00f3digo fabricada na SINALNORTE aqui.  Poder\u00e1 fazer download do das declara\u00e7\u00f5es de desempenho da sinaliza\u00e7\u00e3o de c\u00f3digo fabricada na SINALNORTE nos seguintes links:   Sinais de tr\u00e2nsito fixos: aqui;  Conjunto de sinais de tr\u00e2nsito fixos e suportes: aqui;  Suportes para sinais de tr\u00e2nsito fixos: aqui.  Poder\u00e1 fazer download do manual de montagem e instala\u00e7\u00e3o da sinaliza\u00e7\u00e3o de c\u00f3digo fabricada na SINALNORTE aqui.\" \/>\n<meta property=\"og:url\" content=\"https:\/\/gaspar.com.pt\/en\/produto\/instrucoes-e-declaracoes-de-desempenho\/\" \/>\n<meta property=\"og:site_name\" content=\"Gaspar\" \/>\n<meta name=\"twitter:card\" content=\"summary_large_image\" \/>\n<script type=\"application\/ld+json\" class=\"yoast-schema-graph\">{\"@context\":\"https:\\\/\\\/schema.org\",\"@graph\":[{\"@type\":\"WebPage\",\"@id\":\"https:\\\/\\\/gaspar.com.pt\\\/en\\\/produto\\\/instrucoes-e-declaracoes-de-desempenho\\\/\",\"url\":\"https:\\\/\\\/gaspar.com.pt\\\/en\\\/produto\\\/instrucoes-e-declaracoes-de-desempenho\\\/\",\"name\":\"Instru\u00e7\u00f5es e Declara\u00e7\u00f5es de Desempenho - Gaspar\",\"isPartOf\":{\"@id\":\"https:\\\/\\\/gaspar.com.pt\\\/en\\\/#website\"},\"primaryImageOfPage\":{\"@id\":\"https:\\\/\\\/gaspar.com.pt\\\/en\\\/produto\\\/instrucoes-e-declaracoes-de-desempenho\\\/#primaryimage\"},\"image\":{\"@id\":\"https:\\\/\\\/gaspar.com.pt\\\/en\\\/produto\\\/instrucoes-e-declaracoes-de-desempenho\\\/#primaryimage\"},\"thumbnailUrl\":\"https:\\\/\\\/gaspar.com.pt\\\/wp-content\\\/uploads\\\/2023\\\/11\\\/CE-vertical-e1589453589448.jpg\",\"datePublished\":\"2024-03-26T16:49:05+00:00\",\"breadcrumb\":{\"@id\":\"https:\\\/\\\/gaspar.com.pt\\\/en\\\/produto\\\/instrucoes-e-declaracoes-de-desempenho\\\/#breadcrumb\"},\"inLanguage\":\"en-US\",\"potentialAction\":[{\"@type\":\"ReadAction\",\"target\":[\"https:\\\/\\\/gaspar.com.pt\\\/en\\\/produto\\\/instrucoes-e-declaracoes-de-desempenho\\\/\"]}]},{\"@type\":\"ImageObject\",\"inLanguage\":\"en-US\",\"@id\":\"https:\\\/\\\/gaspar.com.pt\\\/en\\\/produto\\\/instrucoes-e-declaracoes-de-desempenho\\\/#primaryimage\",\"url\":\"https:\\\/\\\/gaspar.com.pt\\\/wp-content\\\/uploads\\\/2023\\\/11\\\/CE-vertical-e1589453589448.jpg\",\"contentUrl\":\"https:\\\/\\\/gaspar.com.pt\\\/wp-content\\\/uploads\\\/2023\\\/11\\\/CE-vertical-e1589453589448.jpg\",\"width\":479,\"height\":348},{\"@type\":\"BreadcrumbList\",\"@id\":\"https:\\\/\\\/gaspar.com.pt\\\/en\\\/produto\\\/instrucoes-e-declaracoes-de-desempenho\\\/#breadcrumb\",\"itemListElement\":[{\"@type\":\"ListItem\",\"position\":1,\"name\":\"In\u00edcio\",\"item\":\"https:\\\/\\\/gaspar.com.pt\\\/en\\\/\"},{\"@type\":\"ListItem\",\"position\":2,\"name\":\"Shop\",\"item\":\"https:\\\/\\\/gaspar.com.pt\\\/shop\\\/\"},{\"@type\":\"ListItem\",\"position\":3,\"name\":\"Instru\u00e7\u00f5es e Declara\u00e7\u00f5es de Desempenho\"}]},{\"@type\":\"WebSite\",\"@id\":\"https:\\\/\\\/gaspar.com.pt\\\/en\\\/#website\",\"url\":\"https:\\\/\\\/gaspar.com.pt\\\/en\\\/\",\"name\":\"Gaspar\",\"description\":\"Cities moving forward\",\"potentialAction\":[{\"@type\":\"SearchAction\",\"target\":{\"@type\":\"EntryPoint\",\"urlTemplate\":\"https:\\\/\\\/gaspar.com.pt\\\/en\\\/?s={search_term_string}\"},\"query-input\":{\"@type\":\"PropertyValueSpecification\",\"valueRequired\":true,\"valueName\":\"search_term_string\"}}],\"inLanguage\":\"en-US\"}]}<\/script>\n<!-- \/ Yoast SEO plugin. -->","yoast_head_json":{"title":"Instru\u00e7\u00f5es e Declara\u00e7\u00f5es de Desempenho - Gaspar","robots":{"index":"index","follow":"follow","max-snippet":"max-snippet:-1","max-image-preview":"max-image-preview:large","max-video-preview":"max-video-preview:-1"},"canonical":"https:\/\/gaspar.com.pt\/en\/produto\/instrucoes-e-declaracoes-de-desempenho\/","og_locale":"en_US","og_type":"article","og_title":"Instru\u00e7\u00f5es e Declara\u00e7\u00f5es de Desempenho - Gaspar","og_description":"Poder\u00e1 fazer download do Certificado de Regularidade de Desempenho CE da sinaliza\u00e7\u00e3o de c\u00f3digo fabricada na SINALNORTE aqui.  Poder\u00e1 fazer download do das declara\u00e7\u00f5es de desempenho da sinaliza\u00e7\u00e3o de c\u00f3digo fabricada na SINALNORTE nos seguintes links:   Sinais de tr\u00e2nsito fixos: aqui;  Conjunto de sinais de tr\u00e2nsito fixos e suportes: aqui;  Suportes para sinais de tr\u00e2nsito fixos: aqui.  Poder\u00e1 fazer download do manual de montagem e instala\u00e7\u00e3o da sinaliza\u00e7\u00e3o de c\u00f3digo fabricada na SINALNORTE aqui.","og_url":"https:\/\/gaspar.com.pt\/en\/produto\/instrucoes-e-declaracoes-de-desempenho\/","og_site_name":"Gaspar","twitter_card":"summary_large_image","schema":{"@context":"https:\/\/schema.org","@graph":[{"@type":"WebPage","@id":"https:\/\/gaspar.com.pt\/en\/produto\/instrucoes-e-declaracoes-de-desempenho\/","url":"https:\/\/gaspar.com.pt\/en\/produto\/instrucoes-e-declaracoes-de-desempenho\/","name":"Instru\u00e7\u00f5es e Declara\u00e7\u00f5es de Desempenho - Gaspar","isPartOf":{"@id":"https:\/\/gaspar.com.pt\/en\/#website"},"primaryImageOfPage":{"@id":"https:\/\/gaspar.com.pt\/en\/produto\/instrucoes-e-declaracoes-de-desempenho\/#primaryimage"},"image":{"@id":"https:\/\/gaspar.com.pt\/en\/produto\/instrucoes-e-declaracoes-de-desempenho\/#primaryimage"},"thumbnailUrl":"https:\/\/gaspar.com.pt\/wp-content\/uploads\/2023\/11\/CE-vertical-e1589453589448.jpg","datePublished":"2024-03-26T16:49:05+00:00","breadcrumb":{"@id":"https:\/\/gaspar.com.pt\/en\/produto\/instrucoes-e-declaracoes-de-desempenho\/#breadcrumb"},"inLanguage":"en-US","potentialAction":[{"@type":"ReadAction","target":["https:\/\/gaspar.com.pt\/en\/produto\/instrucoes-e-declaracoes-de-desempenho\/"]}]},{"@type":"ImageObject","inLanguage":"en-US","@id":"https:\/\/gaspar.com.pt\/en\/produto\/instrucoes-e-declaracoes-de-desempenho\/#primaryimage","url":"https:\/\/gaspar.com.pt\/wp-content\/uploads\/2023\/11\/CE-vertical-e1589453589448.jpg","contentUrl":"https:\/\/gaspar.com.pt\/wp-content\/uploads\/2023\/11\/CE-vertical-e1589453589448.jpg","width":479,"height":348},{"@type":"BreadcrumbList","@id":"https:\/\/gaspar.com.pt\/en\/produto\/instrucoes-e-declaracoes-de-desempenho\/#breadcrumb","itemListElement":[{"@type":"ListItem","position":1,"name":"In\u00edcio","item":"https:\/\/gaspar.com.pt\/en\/"},{"@type":"ListItem","position":2,"name":"Shop","item":"https:\/\/gaspar.com.pt\/shop\/"},{"@type":"ListItem","position":3,"name":"Instru\u00e7\u00f5es e Declara\u00e7\u00f5es de Desempenho"}]},{"@type":"WebSite","@id":"https:\/\/gaspar.com.pt\/en\/#website","url":"https:\/\/gaspar.com.pt\/en\/","name":"Gaspar","description":"Cities moving forward","potentialAction":[{"@type":"SearchAction","target":{"@type":"EntryPoint","urlTemplate":"https:\/\/gaspar.com.pt\/en\/?s={search_term_string}"},"query-input":{"@type":"PropertyValueSpecification","valueRequired":true,"valueName":"search_term_string"}}],"inLanguage":"en-US"}]}},"_links":{"self":[{"href":"https:\/\/gaspar.com.pt\/en\/wp-json\/wp\/v2\/product\/8732","targetHints":{"allow":["GET"]}}],"collection":[{"href":"https:\/\/gaspar.com.pt\/en\/wp-json\/wp\/v2\/product"}],"about":[{"href":"https:\/\/gaspar.com.pt\/en\/wp-json\/wp\/v2\/types\/product"}],"replies":[{"embeddable":true,"href":"https:\/\/gaspar.com.pt\/en\/wp-json\/wp\/v2\/comments?post=8732"}],"wp:featuredmedia":[{"embeddable":true,"href":"https:\/\/gaspar.com.pt\/en\/wp-json\/wp\/v2\/media\/6833"}],"wp:attachment":[{"href":"https:\/\/gaspar.com.pt\/en\/wp-json\/wp\/v2\/media?parent=8732"}],"wp:term":[{"taxonomy":"product_brand","embeddable":true,"href":"https:\/\/gaspar.com.pt\/en\/wp-json\/wp\/v2\/product_brand?post=8732"},{"taxonomy":"product_cat","embeddable":true,"href":"https:\/\/gaspar.com.pt\/en\/wp-json\/wp\/v2\/product_cat?post=8732"},{"taxonomy":"product_tag","embeddable":true,"href":"https:\/\/gaspar.com.pt\/en\/wp-json\/wp\/v2\/product_tag?post=8732"}],"curies":[{"name":"wp","href":"https:\/\/api.w.org\/{rel}","templated":true}]}}