{"id":8729,"date":"2024-03-26T16:49:04","date_gmt":"2024-03-26T16:49:04","guid":{"rendered":"https:\/\/gaspar.com.pt\/produto\/balizas-flexiveis\/"},"modified":"2024-03-26T17:13:40","modified_gmt":"2024-03-26T17:13:40","slug":"balizas-flexiveis","status":"publish","type":"product","link":"https:\/\/gaspar.com.pt\/en\/produto\/balizas-flexiveis\/","title":{"rendered":"Balizas flex\u00edveis"},"content":{"rendered":"<p>Balizas flex\u00edveis<\/p>\n<p>Balizas flex\u00edveis em material resistente, com faixas reflectoras, e 8 cm de di\u00e2metro.<\/p>\n<p>Op\u00e7\u00e3o: esferas reflectoras na base.<\/p>\n<p>Dispon\u00edveis com 65cm ou 80cm de altura.<\/p>\n","protected":false},"excerpt":{"rendered":"<p>Balizas flex\u00edveis<\/p>\n<p>Balizas flex\u00edveis em material resistente, com faixas reflectoras, e 8 cm de di\u00e2metro.<\/p>\n<p>Op\u00e7\u00e3o: esferas reflectoras na base.<\/p>\n<p>Dispon\u00edveis com 65cm ou 80cm de altura.<\/p>\n","protected":false},"featured_media":6594,"comment_status":"open","ping_status":"closed","template":"","meta":{"_acf_changed":false,"inline_featured_image":false},"product_brand":[],"product_cat":[549,548],"product_tag":[],"class_list":{"0":"post-8729","1":"product","2":"type-product","3":"status-publish","4":"has-post-thumbnail","6":"product_cat-balizagem-e-demarcacao","7":"product_cat-equipamentos-de-guiamento","9":"first","10":"instock","11":"shipping-taxable","12":"product-type-simple"},"acf":[],"yoast_head":"<!-- This site is optimized with the Yoast SEO plugin v27.3 - https:\/\/yoast.com\/product\/yoast-seo-wordpress\/ -->\n<title>Balizas flex\u00edveis - Gaspar<\/title>\n<meta name=\"robots\" content=\"index, follow, max-snippet:-1, max-image-preview:large, max-video-preview:-1\" \/>\n<link rel=\"canonical\" href=\"https:\/\/gaspar.com.pt\/en\/produto\/balizas-flexiveis\/\" \/>\n<meta property=\"og:locale\" content=\"en_US\" \/>\n<meta property=\"og:type\" content=\"article\" \/>\n<meta property=\"og:title\" content=\"Balizas flex\u00edveis - Gaspar\" \/>\n<meta property=\"og:description\" content=\"Balizas flex\u00edveis  Balizas flex\u00edveis em material resistente, com faixas reflectoras, e 8 cm de di\u00e2metro.  Op\u00e7\u00e3o: esferas reflectoras na base.  Dispon\u00edveis com 65cm ou 80cm de altura.\" \/>\n<meta property=\"og:url\" content=\"https:\/\/gaspar.com.pt\/en\/produto\/balizas-flexiveis\/\" \/>\n<meta property=\"og:site_name\" content=\"Gaspar\" \/>\n<meta property=\"article:modified_time\" content=\"2024-03-26T17:13:40+00:00\" \/>\n<meta name=\"twitter:card\" content=\"summary_large_image\" \/>\n<script type=\"application\/ld+json\" class=\"yoast-schema-graph\">{\"@context\":\"https:\\\/\\\/schema.org\",\"@graph\":[{\"@type\":\"WebPage\",\"@id\":\"https:\\\/\\\/gaspar.com.pt\\\/en\\\/produto\\\/balizas-flexiveis\\\/\",\"url\":\"https:\\\/\\\/gaspar.com.pt\\\/en\\\/produto\\\/balizas-flexiveis\\\/\",\"name\":\"Balizas flex\u00edveis - Gaspar\",\"isPartOf\":{\"@id\":\"https:\\\/\\\/gaspar.com.pt\\\/en\\\/#website\"},\"primaryImageOfPage\":{\"@id\":\"https:\\\/\\\/gaspar.com.pt\\\/en\\\/produto\\\/balizas-flexiveis\\\/#primaryimage\"},\"image\":{\"@id\":\"https:\\\/\\\/gaspar.com.pt\\\/en\\\/produto\\\/balizas-flexiveis\\\/#primaryimage\"},\"thumbnailUrl\":\"https:\\\/\\\/gaspar.com.pt\\\/wp-content\\\/uploads\\\/2023\\\/11\\\/1-Baliza-flexivel.jpg\",\"datePublished\":\"2024-03-26T16:49:04+00:00\",\"dateModified\":\"2024-03-26T17:13:40+00:00\",\"breadcrumb\":{\"@id\":\"https:\\\/\\\/gaspar.com.pt\\\/en\\\/produto\\\/balizas-flexiveis\\\/#breadcrumb\"},\"inLanguage\":\"en-US\",\"potentialAction\":[{\"@type\":\"ReadAction\",\"target\":[\"https:\\\/\\\/gaspar.com.pt\\\/en\\\/produto\\\/balizas-flexiveis\\\/\"]}]},{\"@type\":\"ImageObject\",\"inLanguage\":\"en-US\",\"@id\":\"https:\\\/\\\/gaspar.com.pt\\\/en\\\/produto\\\/balizas-flexiveis\\\/#primaryimage\",\"url\":\"https:\\\/\\\/gaspar.com.pt\\\/wp-content\\\/uploads\\\/2023\\\/11\\\/1-Baliza-flexivel.jpg\",\"contentUrl\":\"https:\\\/\\\/gaspar.com.pt\\\/wp-content\\\/uploads\\\/2023\\\/11\\\/1-Baliza-flexivel.jpg\",\"width\":500,\"height\":332},{\"@type\":\"BreadcrumbList\",\"@id\":\"https:\\\/\\\/gaspar.com.pt\\\/en\\\/produto\\\/balizas-flexiveis\\\/#breadcrumb\",\"itemListElement\":[{\"@type\":\"ListItem\",\"position\":1,\"name\":\"In\u00edcio\",\"item\":\"https:\\\/\\\/gaspar.com.pt\\\/en\\\/\"},{\"@type\":\"ListItem\",\"position\":2,\"name\":\"Shop\",\"item\":\"https:\\\/\\\/gaspar.com.pt\\\/shop\\\/\"},{\"@type\":\"ListItem\",\"position\":3,\"name\":\"Balizas flex\u00edveis\"}]},{\"@type\":\"WebSite\",\"@id\":\"https:\\\/\\\/gaspar.com.pt\\\/en\\\/#website\",\"url\":\"https:\\\/\\\/gaspar.com.pt\\\/en\\\/\",\"name\":\"Gaspar\",\"description\":\"Cities moving forward\",\"potentialAction\":[{\"@type\":\"SearchAction\",\"target\":{\"@type\":\"EntryPoint\",\"urlTemplate\":\"https:\\\/\\\/gaspar.com.pt\\\/en\\\/?s={search_term_string}\"},\"query-input\":{\"@type\":\"PropertyValueSpecification\",\"valueRequired\":true,\"valueName\":\"search_term_string\"}}],\"inLanguage\":\"en-US\"}]}<\/script>\n<!-- \/ Yoast SEO plugin. -->","yoast_head_json":{"title":"Balizas flex\u00edveis - Gaspar","robots":{"index":"index","follow":"follow","max-snippet":"max-snippet:-1","max-image-preview":"max-image-preview:large","max-video-preview":"max-video-preview:-1"},"canonical":"https:\/\/gaspar.com.pt\/en\/produto\/balizas-flexiveis\/","og_locale":"en_US","og_type":"article","og_title":"Balizas flex\u00edveis - Gaspar","og_description":"Balizas flex\u00edveis  Balizas flex\u00edveis em material resistente, com faixas reflectoras, e 8 cm de di\u00e2metro.  Op\u00e7\u00e3o: esferas reflectoras na base.  Dispon\u00edveis com 65cm ou 80cm de altura.","og_url":"https:\/\/gaspar.com.pt\/en\/produto\/balizas-flexiveis\/","og_site_name":"Gaspar","article_modified_time":"2024-03-26T17:13:40+00:00","twitter_card":"summary_large_image","schema":{"@context":"https:\/\/schema.org","@graph":[{"@type":"WebPage","@id":"https:\/\/gaspar.com.pt\/en\/produto\/balizas-flexiveis\/","url":"https:\/\/gaspar.com.pt\/en\/produto\/balizas-flexiveis\/","name":"Balizas flex\u00edveis - Gaspar","isPartOf":{"@id":"https:\/\/gaspar.com.pt\/en\/#website"},"primaryImageOfPage":{"@id":"https:\/\/gaspar.com.pt\/en\/produto\/balizas-flexiveis\/#primaryimage"},"image":{"@id":"https:\/\/gaspar.com.pt\/en\/produto\/balizas-flexiveis\/#primaryimage"},"thumbnailUrl":"https:\/\/gaspar.com.pt\/wp-content\/uploads\/2023\/11\/1-Baliza-flexivel.jpg","datePublished":"2024-03-26T16:49:04+00:00","dateModified":"2024-03-26T17:13:40+00:00","breadcrumb":{"@id":"https:\/\/gaspar.com.pt\/en\/produto\/balizas-flexiveis\/#breadcrumb"},"inLanguage":"en-US","potentialAction":[{"@type":"ReadAction","target":["https:\/\/gaspar.com.pt\/en\/produto\/balizas-flexiveis\/"]}]},{"@type":"ImageObject","inLanguage":"en-US","@id":"https:\/\/gaspar.com.pt\/en\/produto\/balizas-flexiveis\/#primaryimage","url":"https:\/\/gaspar.com.pt\/wp-content\/uploads\/2023\/11\/1-Baliza-flexivel.jpg","contentUrl":"https:\/\/gaspar.com.pt\/wp-content\/uploads\/2023\/11\/1-Baliza-flexivel.jpg","width":500,"height":332},{"@type":"BreadcrumbList","@id":"https:\/\/gaspar.com.pt\/en\/produto\/balizas-flexiveis\/#breadcrumb","itemListElement":[{"@type":"ListItem","position":1,"name":"In\u00edcio","item":"https:\/\/gaspar.com.pt\/en\/"},{"@type":"ListItem","position":2,"name":"Shop","item":"https:\/\/gaspar.com.pt\/shop\/"},{"@type":"ListItem","position":3,"name":"Balizas flex\u00edveis"}]},{"@type":"WebSite","@id":"https:\/\/gaspar.com.pt\/en\/#website","url":"https:\/\/gaspar.com.pt\/en\/","name":"Gaspar","description":"Cities moving forward","potentialAction":[{"@type":"SearchAction","target":{"@type":"EntryPoint","urlTemplate":"https:\/\/gaspar.com.pt\/en\/?s={search_term_string}"},"query-input":{"@type":"PropertyValueSpecification","valueRequired":true,"valueName":"search_term_string"}}],"inLanguage":"en-US"}]}},"_links":{"self":[{"href":"https:\/\/gaspar.com.pt\/en\/wp-json\/wp\/v2\/product\/8729","targetHints":{"allow":["GET"]}}],"collection":[{"href":"https:\/\/gaspar.com.pt\/en\/wp-json\/wp\/v2\/product"}],"about":[{"href":"https:\/\/gaspar.com.pt\/en\/wp-json\/wp\/v2\/types\/product"}],"replies":[{"embeddable":true,"href":"https:\/\/gaspar.com.pt\/en\/wp-json\/wp\/v2\/comments?post=8729"}],"wp:featuredmedia":[{"embeddable":true,"href":"https:\/\/gaspar.com.pt\/en\/wp-json\/wp\/v2\/media\/6594"}],"wp:attachment":[{"href":"https:\/\/gaspar.com.pt\/en\/wp-json\/wp\/v2\/media?parent=8729"}],"wp:term":[{"taxonomy":"product_brand","embeddable":true,"href":"https:\/\/gaspar.com.pt\/en\/wp-json\/wp\/v2\/product_brand?post=8729"},{"taxonomy":"product_cat","embeddable":true,"href":"https:\/\/gaspar.com.pt\/en\/wp-json\/wp\/v2\/product_cat?post=8729"},{"taxonomy":"product_tag","embeddable":true,"href":"https:\/\/gaspar.com.pt\/en\/wp-json\/wp\/v2\/product_tag?post=8729"}],"curies":[{"name":"wp","href":"https:\/\/api.w.org\/{rel}","templated":true}]}}