{"id":8679,"date":"2024-03-26T16:48:49","date_gmt":"2024-03-26T16:48:49","guid":{"rendered":"https:\/\/gaspar.com.pt\/produto\/tc4-st1c-painel-indicativo-da-circulacao1-via-na-direcao-da-circulacao-e-1-via-no-sentido-contrario\/"},"modified":"2024-03-26T17:13:37","modified_gmt":"2024-03-26T17:13:37","slug":"tc4-st1c-painel-indicativo-da-circulacao1-via-na-direcao-da-circulacao-e-1-via-no-sentido-contrario","status":"publish","type":"product","link":"https:\/\/gaspar.com.pt\/en\/produto\/tc4-st1c-painel-indicativo-da-circulacao1-via-na-direcao-da-circulacao-e-1-via-no-sentido-contrario\/","title":{"rendered":"TC4 &#8211; ST1c &#8211; Painel indicativo da circula\u00e7\u00e3o\n1 via na dire\u00e7\u00e3o da circula\u00e7\u00e3o e 1 via no sentido contr\u00e1rio"},"content":{"rendered":"<p>TC4 &#8211; ST1c &#8211; Painel indicativo da circula\u00e7\u00e3o<br \/>\n1 via na dire\u00e7\u00e3o da circula\u00e7\u00e3o e 1 via no sentido contr\u00e1rio<\/p>\n<p>A sinaliza\u00e7\u00e3o tempor\u00e1ria destina-se a alertar os utentes da via da exist\u00eancia de obras ou obst\u00e1culos ocasionais na via p\u00fablica e a transmitir as obriga\u00e7\u00f5es, restri\u00e7\u00f5es ou proibi\u00e7\u00f5es especiais que temporariamente lhes s\u00e3o impostas.<\/p>\n<p>&nbsp;<\/p>\n","protected":false},"excerpt":{"rendered":"<p>TC4 &#8211; ST1c &#8211; Painel indicativo da circula\u00e7\u00e3o<br \/>\n1 via na dire\u00e7\u00e3o da circula\u00e7\u00e3o e 1 via no sentido contr\u00e1rio<\/p>\n<p>A sinaliza\u00e7\u00e3o tempor\u00e1ria destina-se a alertar os utentes da via da exist\u00eancia de obras ou obst\u00e1culos ocasionais na via p\u00fablica e a transmitir as obriga\u00e7\u00f5es, restri\u00e7\u00f5es ou proibi\u00e7\u00f5es especiais que temporariamente lhes s\u00e3o impostas.<\/p>\n<p>&nbsp;<\/p>\n<p><strong>Dimens\u00f5es dispon\u00edveis: 140 x 140 cm<\/strong><\/p>\n<p><strong>Material Base: Alum\u00ednio \/ Ferro<\/strong><\/p>\n<p><strong>Telas: N\u00edvel I \/ II \/ III<\/strong><\/p>\n<p><strong>Acess\u00f3rios: todos os acess\u00f3rios de fixa\u00e7\u00e3o s\u00e3o fornecidos juntamente com o sinal. Trip\u00e9s ou outros suportes em separado.<\/strong><\/p>\n","protected":false},"featured_media":6673,"comment_status":"open","ping_status":"closed","template":"","meta":{"_acf_changed":false,"inline_featured_image":false},"product_brand":[],"product_cat":[540],"product_tag":[],"class_list":{"0":"post-8679","1":"product","2":"type-product","3":"status-publish","4":"has-post-thumbnail","6":"product_cat-paineis-temporarios-de-circulacao-tc","8":"first","9":"instock","10":"shipping-taxable","11":"product-type-simple"},"acf":[],"yoast_head":"<!-- This site is optimized with the Yoast SEO plugin v27.4 - https:\/\/yoast.com\/product\/yoast-seo-wordpress\/ -->\n<title>TC4 - ST1c - Painel indicativo da circula\u00e7\u00e3o 1 via na dire\u00e7\u00e3o da circula\u00e7\u00e3o e 1 via no sentido contr\u00e1rio - Gaspar<\/title>\n<meta name=\"robots\" content=\"index, follow, max-snippet:-1, max-image-preview:large, max-video-preview:-1\" \/>\n<link rel=\"canonical\" href=\"https:\/\/gaspar.com.pt\/en\/produto\/tc4-st1c-painel-indicativo-da-circulacao1-via-na-direcao-da-circulacao-e-1-via-no-sentido-contrario\/\" \/>\n<meta property=\"og:locale\" content=\"en_US\" \/>\n<meta property=\"og:type\" content=\"article\" \/>\n<meta property=\"og:title\" content=\"TC4 - ST1c - Painel indicativo da circula\u00e7\u00e3o 1 via na dire\u00e7\u00e3o da circula\u00e7\u00e3o e 1 via no sentido contr\u00e1rio - Gaspar\" \/>\n<meta property=\"og:description\" content=\"TC4 - ST1c - Painel indicativo da circula\u00e7\u00e3o 1 via na dire\u00e7\u00e3o da circula\u00e7\u00e3o e 1 via no sentido contr\u00e1rio  A sinaliza\u00e7\u00e3o tempor\u00e1ria destina-se a alertar os utentes da via da exist\u00eancia de obras ou obst\u00e1culos ocasionais na via p\u00fablica e a transmitir as obriga\u00e7\u00f5es, restri\u00e7\u00f5es ou proibi\u00e7\u00f5es especiais que temporariamente lhes s\u00e3o impostas.  &nbsp;  Dimens\u00f5es dispon\u00edveis: 140 x 140 cm  Material Base: Alum\u00ednio \/ Ferro  Telas: N\u00edvel I \/ II \/ III  Acess\u00f3rios: todos os acess\u00f3rios de fixa\u00e7\u00e3o s\u00e3o fornecidos juntamente com o sinal. Trip\u00e9s ou outros suportes em separado.\" \/>\n<meta property=\"og:url\" content=\"https:\/\/gaspar.com.pt\/en\/produto\/tc4-st1c-painel-indicativo-da-circulacao1-via-na-direcao-da-circulacao-e-1-via-no-sentido-contrario\/\" \/>\n<meta property=\"og:site_name\" content=\"Gaspar\" \/>\n<meta property=\"article:modified_time\" content=\"2024-03-26T17:13:37+00:00\" \/>\n<meta name=\"twitter:card\" content=\"summary_large_image\" \/>\n<script type=\"application\/ld+json\" class=\"yoast-schema-graph\">{\"@context\":\"https:\\\/\\\/schema.org\",\"@graph\":[{\"@type\":\"WebPage\",\"@id\":\"https:\\\/\\\/gaspar.com.pt\\\/en\\\/produto\\\/tc4-st1c-painel-indicativo-da-circulacao1-via-na-direcao-da-circulacao-e-1-via-no-sentido-contrario\\\/\",\"url\":\"https:\\\/\\\/gaspar.com.pt\\\/en\\\/produto\\\/tc4-st1c-painel-indicativo-da-circulacao1-via-na-direcao-da-circulacao-e-1-via-no-sentido-contrario\\\/\",\"name\":\"TC4 - ST1c - Painel indicativo da circula\u00e7\u00e3o 1 via na dire\u00e7\u00e3o da circula\u00e7\u00e3o e 1 via no sentido contr\u00e1rio - Gaspar\",\"isPartOf\":{\"@id\":\"https:\\\/\\\/gaspar.com.pt\\\/en\\\/#website\"},\"primaryImageOfPage\":{\"@id\":\"https:\\\/\\\/gaspar.com.pt\\\/en\\\/produto\\\/tc4-st1c-painel-indicativo-da-circulacao1-via-na-direcao-da-circulacao-e-1-via-no-sentido-contrario\\\/#primaryimage\"},\"image\":{\"@id\":\"https:\\\/\\\/gaspar.com.pt\\\/en\\\/produto\\\/tc4-st1c-painel-indicativo-da-circulacao1-via-na-direcao-da-circulacao-e-1-via-no-sentido-contrario\\\/#primaryimage\"},\"thumbnailUrl\":\"https:\\\/\\\/gaspar.com.pt\\\/wp-content\\\/uploads\\\/2023\\\/11\\\/TC4-ST1c.jpg\",\"datePublished\":\"2024-03-26T16:48:49+00:00\",\"dateModified\":\"2024-03-26T17:13:37+00:00\",\"breadcrumb\":{\"@id\":\"https:\\\/\\\/gaspar.com.pt\\\/en\\\/produto\\\/tc4-st1c-painel-indicativo-da-circulacao1-via-na-direcao-da-circulacao-e-1-via-no-sentido-contrario\\\/#breadcrumb\"},\"inLanguage\":\"en-US\",\"potentialAction\":[{\"@type\":\"ReadAction\",\"target\":[\"https:\\\/\\\/gaspar.com.pt\\\/en\\\/produto\\\/tc4-st1c-painel-indicativo-da-circulacao1-via-na-direcao-da-circulacao-e-1-via-no-sentido-contrario\\\/\"]}]},{\"@type\":\"ImageObject\",\"inLanguage\":\"en-US\",\"@id\":\"https:\\\/\\\/gaspar.com.pt\\\/en\\\/produto\\\/tc4-st1c-painel-indicativo-da-circulacao1-via-na-direcao-da-circulacao-e-1-via-no-sentido-contrario\\\/#primaryimage\",\"url\":\"https:\\\/\\\/gaspar.com.pt\\\/wp-content\\\/uploads\\\/2023\\\/11\\\/TC4-ST1c.jpg\",\"contentUrl\":\"https:\\\/\\\/gaspar.com.pt\\\/wp-content\\\/uploads\\\/2023\\\/11\\\/TC4-ST1c.jpg\",\"width\":330,\"height\":330},{\"@type\":\"BreadcrumbList\",\"@id\":\"https:\\\/\\\/gaspar.com.pt\\\/en\\\/produto\\\/tc4-st1c-painel-indicativo-da-circulacao1-via-na-direcao-da-circulacao-e-1-via-no-sentido-contrario\\\/#breadcrumb\",\"itemListElement\":[{\"@type\":\"ListItem\",\"position\":1,\"name\":\"In\u00edcio\",\"item\":\"https:\\\/\\\/gaspar.com.pt\\\/en\\\/\"},{\"@type\":\"ListItem\",\"position\":2,\"name\":\"Shop\",\"item\":\"https:\\\/\\\/gaspar.com.pt\\\/shop\\\/\"},{\"@type\":\"ListItem\",\"position\":3,\"name\":\"TC4 &#8211; ST1c &#8211; Painel indicativo da circula\u00e7\u00e3o 1 via na dire\u00e7\u00e3o da circula\u00e7\u00e3o e 1 via no sentido contr\u00e1rio\"}]},{\"@type\":\"WebSite\",\"@id\":\"https:\\\/\\\/gaspar.com.pt\\\/en\\\/#website\",\"url\":\"https:\\\/\\\/gaspar.com.pt\\\/en\\\/\",\"name\":\"Gaspar\",\"description\":\"Cities moving forward\",\"potentialAction\":[{\"@type\":\"SearchAction\",\"target\":{\"@type\":\"EntryPoint\",\"urlTemplate\":\"https:\\\/\\\/gaspar.com.pt\\\/en\\\/?s={search_term_string}\"},\"query-input\":{\"@type\":\"PropertyValueSpecification\",\"valueRequired\":true,\"valueName\":\"search_term_string\"}}],\"inLanguage\":\"en-US\"}]}<\/script>\n<!-- \/ Yoast SEO plugin. -->","yoast_head_json":{"title":"TC4 - ST1c - Painel indicativo da circula\u00e7\u00e3o 1 via na dire\u00e7\u00e3o da circula\u00e7\u00e3o e 1 via no sentido contr\u00e1rio - Gaspar","robots":{"index":"index","follow":"follow","max-snippet":"max-snippet:-1","max-image-preview":"max-image-preview:large","max-video-preview":"max-video-preview:-1"},"canonical":"https:\/\/gaspar.com.pt\/en\/produto\/tc4-st1c-painel-indicativo-da-circulacao1-via-na-direcao-da-circulacao-e-1-via-no-sentido-contrario\/","og_locale":"en_US","og_type":"article","og_title":"TC4 - ST1c - Painel indicativo da circula\u00e7\u00e3o 1 via na dire\u00e7\u00e3o da circula\u00e7\u00e3o e 1 via no sentido contr\u00e1rio - Gaspar","og_description":"TC4 - ST1c - Painel indicativo da circula\u00e7\u00e3o 1 via na dire\u00e7\u00e3o da circula\u00e7\u00e3o e 1 via no sentido contr\u00e1rio  A sinaliza\u00e7\u00e3o tempor\u00e1ria destina-se a alertar os utentes da via da exist\u00eancia de obras ou obst\u00e1culos ocasionais na via p\u00fablica e a transmitir as obriga\u00e7\u00f5es, restri\u00e7\u00f5es ou proibi\u00e7\u00f5es especiais que temporariamente lhes s\u00e3o impostas.  &nbsp;  Dimens\u00f5es dispon\u00edveis: 140 x 140 cm  Material Base: Alum\u00ednio \/ Ferro  Telas: N\u00edvel I \/ II \/ III  Acess\u00f3rios: todos os acess\u00f3rios de fixa\u00e7\u00e3o s\u00e3o fornecidos juntamente com o sinal. Trip\u00e9s ou outros suportes em separado.","og_url":"https:\/\/gaspar.com.pt\/en\/produto\/tc4-st1c-painel-indicativo-da-circulacao1-via-na-direcao-da-circulacao-e-1-via-no-sentido-contrario\/","og_site_name":"Gaspar","article_modified_time":"2024-03-26T17:13:37+00:00","twitter_card":"summary_large_image","schema":{"@context":"https:\/\/schema.org","@graph":[{"@type":"WebPage","@id":"https:\/\/gaspar.com.pt\/en\/produto\/tc4-st1c-painel-indicativo-da-circulacao1-via-na-direcao-da-circulacao-e-1-via-no-sentido-contrario\/","url":"https:\/\/gaspar.com.pt\/en\/produto\/tc4-st1c-painel-indicativo-da-circulacao1-via-na-direcao-da-circulacao-e-1-via-no-sentido-contrario\/","name":"TC4 - ST1c - Painel indicativo da circula\u00e7\u00e3o 1 via na dire\u00e7\u00e3o da circula\u00e7\u00e3o e 1 via no sentido contr\u00e1rio - Gaspar","isPartOf":{"@id":"https:\/\/gaspar.com.pt\/en\/#website"},"primaryImageOfPage":{"@id":"https:\/\/gaspar.com.pt\/en\/produto\/tc4-st1c-painel-indicativo-da-circulacao1-via-na-direcao-da-circulacao-e-1-via-no-sentido-contrario\/#primaryimage"},"image":{"@id":"https:\/\/gaspar.com.pt\/en\/produto\/tc4-st1c-painel-indicativo-da-circulacao1-via-na-direcao-da-circulacao-e-1-via-no-sentido-contrario\/#primaryimage"},"thumbnailUrl":"https:\/\/gaspar.com.pt\/wp-content\/uploads\/2023\/11\/TC4-ST1c.jpg","datePublished":"2024-03-26T16:48:49+00:00","dateModified":"2024-03-26T17:13:37+00:00","breadcrumb":{"@id":"https:\/\/gaspar.com.pt\/en\/produto\/tc4-st1c-painel-indicativo-da-circulacao1-via-na-direcao-da-circulacao-e-1-via-no-sentido-contrario\/#breadcrumb"},"inLanguage":"en-US","potentialAction":[{"@type":"ReadAction","target":["https:\/\/gaspar.com.pt\/en\/produto\/tc4-st1c-painel-indicativo-da-circulacao1-via-na-direcao-da-circulacao-e-1-via-no-sentido-contrario\/"]}]},{"@type":"ImageObject","inLanguage":"en-US","@id":"https:\/\/gaspar.com.pt\/en\/produto\/tc4-st1c-painel-indicativo-da-circulacao1-via-na-direcao-da-circulacao-e-1-via-no-sentido-contrario\/#primaryimage","url":"https:\/\/gaspar.com.pt\/wp-content\/uploads\/2023\/11\/TC4-ST1c.jpg","contentUrl":"https:\/\/gaspar.com.pt\/wp-content\/uploads\/2023\/11\/TC4-ST1c.jpg","width":330,"height":330},{"@type":"BreadcrumbList","@id":"https:\/\/gaspar.com.pt\/en\/produto\/tc4-st1c-painel-indicativo-da-circulacao1-via-na-direcao-da-circulacao-e-1-via-no-sentido-contrario\/#breadcrumb","itemListElement":[{"@type":"ListItem","position":1,"name":"In\u00edcio","item":"https:\/\/gaspar.com.pt\/en\/"},{"@type":"ListItem","position":2,"name":"Shop","item":"https:\/\/gaspar.com.pt\/shop\/"},{"@type":"ListItem","position":3,"name":"TC4 &#8211; ST1c &#8211; Painel indicativo da circula\u00e7\u00e3o 1 via na dire\u00e7\u00e3o da circula\u00e7\u00e3o e 1 via no sentido contr\u00e1rio"}]},{"@type":"WebSite","@id":"https:\/\/gaspar.com.pt\/en\/#website","url":"https:\/\/gaspar.com.pt\/en\/","name":"Gaspar","description":"Cities moving forward","potentialAction":[{"@type":"SearchAction","target":{"@type":"EntryPoint","urlTemplate":"https:\/\/gaspar.com.pt\/en\/?s={search_term_string}"},"query-input":{"@type":"PropertyValueSpecification","valueRequired":true,"valueName":"search_term_string"}}],"inLanguage":"en-US"}]}},"_links":{"self":[{"href":"https:\/\/gaspar.com.pt\/en\/wp-json\/wp\/v2\/product\/8679","targetHints":{"allow":["GET"]}}],"collection":[{"href":"https:\/\/gaspar.com.pt\/en\/wp-json\/wp\/v2\/product"}],"about":[{"href":"https:\/\/gaspar.com.pt\/en\/wp-json\/wp\/v2\/types\/product"}],"replies":[{"embeddable":true,"href":"https:\/\/gaspar.com.pt\/en\/wp-json\/wp\/v2\/comments?post=8679"}],"wp:featuredmedia":[{"embeddable":true,"href":"https:\/\/gaspar.com.pt\/en\/wp-json\/wp\/v2\/media\/6673"}],"wp:attachment":[{"href":"https:\/\/gaspar.com.pt\/en\/wp-json\/wp\/v2\/media?parent=8679"}],"wp:term":[{"taxonomy":"product_brand","embeddable":true,"href":"https:\/\/gaspar.com.pt\/en\/wp-json\/wp\/v2\/product_brand?post=8679"},{"taxonomy":"product_cat","embeddable":true,"href":"https:\/\/gaspar.com.pt\/en\/wp-json\/wp\/v2\/product_cat?post=8679"},{"taxonomy":"product_tag","embeddable":true,"href":"https:\/\/gaspar.com.pt\/en\/wp-json\/wp\/v2\/product_tag?post=8679"}],"curies":[{"name":"wp","href":"https:\/\/api.w.org\/{rel}","templated":true}]}}