{"id":8641,"date":"2024-03-26T16:48:33","date_gmt":"2024-03-26T16:48:33","guid":{"rendered":"https:\/\/gaspar.com.pt\/produto\/et13-seta-luminosa\/"},"modified":"2024-03-26T17:13:33","modified_gmt":"2024-03-26T17:13:33","slug":"et13-seta-luminosa","status":"publish","type":"product","link":"https:\/\/gaspar.com.pt\/en\/produto\/et13-seta-luminosa\/","title":{"rendered":"ET13 &#8211; Seta luminosa"},"content":{"rendered":"<p>ET13 &#8211; Seta luminosa<\/p>\n<p>A sinaliza\u00e7\u00e3o tempor\u00e1ria destina-se a alertar os utentes da via da exist\u00eancia de obras ou obst\u00e1culos ocasionais na via p\u00fablica e a transmitir as obriga\u00e7\u00f5es, restri\u00e7\u00f5es ou proibi\u00e7\u00f5es especiais que temporariamente lhes s\u00e3o impostas.<\/p>\n<p>&nbsp;<\/p>\n","protected":false},"excerpt":{"rendered":"<p>ET13 &#8211; Seta luminosa<\/p>\n<p>A sinaliza\u00e7\u00e3o tempor\u00e1ria destina-se a alertar os utentes da via da exist\u00eancia de obras ou obst\u00e1culos ocasionais na via p\u00fablica e a transmitir as obriga\u00e7\u00f5es, restri\u00e7\u00f5es ou proibi\u00e7\u00f5es especiais que temporariamente lhes s\u00e3o impostas.<\/p>\n<p>&nbsp;<\/p>\n","protected":false},"featured_media":6803,"comment_status":"open","ping_status":"closed","template":"","meta":{"_acf_changed":false,"inline_featured_image":false},"product_brand":[],"product_cat":[535],"product_tag":[],"class_list":{"0":"post-8641","1":"product","2":"type-product","3":"status-publish","4":"has-post-thumbnail","6":"product_cat-dispositivos-complementares","8":"first","9":"instock","10":"shipping-taxable","11":"product-type-simple"},"acf":[],"yoast_head":"<!-- This site is optimized with the Yoast SEO plugin v27.4 - https:\/\/yoast.com\/product\/yoast-seo-wordpress\/ -->\n<title>ET13 - Seta luminosa - Gaspar<\/title>\n<meta name=\"robots\" content=\"index, follow, max-snippet:-1, max-image-preview:large, max-video-preview:-1\" \/>\n<link rel=\"canonical\" href=\"https:\/\/gaspar.com.pt\/en\/produto\/et13-seta-luminosa\/\" \/>\n<meta property=\"og:locale\" content=\"en_US\" \/>\n<meta property=\"og:type\" content=\"article\" \/>\n<meta property=\"og:title\" content=\"ET13 - Seta luminosa - Gaspar\" \/>\n<meta property=\"og:description\" content=\"ET13 - Seta luminosa  A sinaliza\u00e7\u00e3o tempor\u00e1ria destina-se a alertar os utentes da via da exist\u00eancia de obras ou obst\u00e1culos ocasionais na via p\u00fablica e a transmitir as obriga\u00e7\u00f5es, restri\u00e7\u00f5es ou proibi\u00e7\u00f5es especiais que temporariamente lhes s\u00e3o impostas.  &nbsp;\" \/>\n<meta property=\"og:url\" content=\"https:\/\/gaspar.com.pt\/en\/produto\/et13-seta-luminosa\/\" \/>\n<meta property=\"og:site_name\" content=\"Gaspar\" \/>\n<meta property=\"article:modified_time\" content=\"2024-03-26T17:13:33+00:00\" \/>\n<meta name=\"twitter:card\" content=\"summary_large_image\" \/>\n<script type=\"application\/ld+json\" class=\"yoast-schema-graph\">{\"@context\":\"https:\\\/\\\/schema.org\",\"@graph\":[{\"@type\":\"WebPage\",\"@id\":\"https:\\\/\\\/gaspar.com.pt\\\/en\\\/produto\\\/et13-seta-luminosa\\\/\",\"url\":\"https:\\\/\\\/gaspar.com.pt\\\/en\\\/produto\\\/et13-seta-luminosa\\\/\",\"name\":\"ET13 - Seta luminosa - Gaspar\",\"isPartOf\":{\"@id\":\"https:\\\/\\\/gaspar.com.pt\\\/en\\\/#website\"},\"primaryImageOfPage\":{\"@id\":\"https:\\\/\\\/gaspar.com.pt\\\/en\\\/produto\\\/et13-seta-luminosa\\\/#primaryimage\"},\"image\":{\"@id\":\"https:\\\/\\\/gaspar.com.pt\\\/en\\\/produto\\\/et13-seta-luminosa\\\/#primaryimage\"},\"thumbnailUrl\":\"https:\\\/\\\/gaspar.com.pt\\\/wp-content\\\/uploads\\\/2023\\\/11\\\/ET13.jpg\",\"datePublished\":\"2024-03-26T16:48:33+00:00\",\"dateModified\":\"2024-03-26T17:13:33+00:00\",\"breadcrumb\":{\"@id\":\"https:\\\/\\\/gaspar.com.pt\\\/en\\\/produto\\\/et13-seta-luminosa\\\/#breadcrumb\"},\"inLanguage\":\"en-US\",\"potentialAction\":[{\"@type\":\"ReadAction\",\"target\":[\"https:\\\/\\\/gaspar.com.pt\\\/en\\\/produto\\\/et13-seta-luminosa\\\/\"]}]},{\"@type\":\"ImageObject\",\"inLanguage\":\"en-US\",\"@id\":\"https:\\\/\\\/gaspar.com.pt\\\/en\\\/produto\\\/et13-seta-luminosa\\\/#primaryimage\",\"url\":\"https:\\\/\\\/gaspar.com.pt\\\/wp-content\\\/uploads\\\/2023\\\/11\\\/ET13.jpg\",\"contentUrl\":\"https:\\\/\\\/gaspar.com.pt\\\/wp-content\\\/uploads\\\/2023\\\/11\\\/ET13.jpg\",\"width\":350,\"height\":350},{\"@type\":\"BreadcrumbList\",\"@id\":\"https:\\\/\\\/gaspar.com.pt\\\/en\\\/produto\\\/et13-seta-luminosa\\\/#breadcrumb\",\"itemListElement\":[{\"@type\":\"ListItem\",\"position\":1,\"name\":\"In\u00edcio\",\"item\":\"https:\\\/\\\/gaspar.com.pt\\\/en\\\/\"},{\"@type\":\"ListItem\",\"position\":2,\"name\":\"Shop\",\"item\":\"https:\\\/\\\/gaspar.com.pt\\\/shop\\\/\"},{\"@type\":\"ListItem\",\"position\":3,\"name\":\"ET13 &#8211; Seta luminosa\"}]},{\"@type\":\"WebSite\",\"@id\":\"https:\\\/\\\/gaspar.com.pt\\\/en\\\/#website\",\"url\":\"https:\\\/\\\/gaspar.com.pt\\\/en\\\/\",\"name\":\"Gaspar\",\"description\":\"Cities moving forward\",\"potentialAction\":[{\"@type\":\"SearchAction\",\"target\":{\"@type\":\"EntryPoint\",\"urlTemplate\":\"https:\\\/\\\/gaspar.com.pt\\\/en\\\/?s={search_term_string}\"},\"query-input\":{\"@type\":\"PropertyValueSpecification\",\"valueRequired\":true,\"valueName\":\"search_term_string\"}}],\"inLanguage\":\"en-US\"}]}<\/script>\n<!-- \/ Yoast SEO plugin. -->","yoast_head_json":{"title":"ET13 - Seta luminosa - Gaspar","robots":{"index":"index","follow":"follow","max-snippet":"max-snippet:-1","max-image-preview":"max-image-preview:large","max-video-preview":"max-video-preview:-1"},"canonical":"https:\/\/gaspar.com.pt\/en\/produto\/et13-seta-luminosa\/","og_locale":"en_US","og_type":"article","og_title":"ET13 - Seta luminosa - Gaspar","og_description":"ET13 - Seta luminosa  A sinaliza\u00e7\u00e3o tempor\u00e1ria destina-se a alertar os utentes da via da exist\u00eancia de obras ou obst\u00e1culos ocasionais na via p\u00fablica e a transmitir as obriga\u00e7\u00f5es, restri\u00e7\u00f5es ou proibi\u00e7\u00f5es especiais que temporariamente lhes s\u00e3o impostas.  &nbsp;","og_url":"https:\/\/gaspar.com.pt\/en\/produto\/et13-seta-luminosa\/","og_site_name":"Gaspar","article_modified_time":"2024-03-26T17:13:33+00:00","twitter_card":"summary_large_image","schema":{"@context":"https:\/\/schema.org","@graph":[{"@type":"WebPage","@id":"https:\/\/gaspar.com.pt\/en\/produto\/et13-seta-luminosa\/","url":"https:\/\/gaspar.com.pt\/en\/produto\/et13-seta-luminosa\/","name":"ET13 - Seta luminosa - Gaspar","isPartOf":{"@id":"https:\/\/gaspar.com.pt\/en\/#website"},"primaryImageOfPage":{"@id":"https:\/\/gaspar.com.pt\/en\/produto\/et13-seta-luminosa\/#primaryimage"},"image":{"@id":"https:\/\/gaspar.com.pt\/en\/produto\/et13-seta-luminosa\/#primaryimage"},"thumbnailUrl":"https:\/\/gaspar.com.pt\/wp-content\/uploads\/2023\/11\/ET13.jpg","datePublished":"2024-03-26T16:48:33+00:00","dateModified":"2024-03-26T17:13:33+00:00","breadcrumb":{"@id":"https:\/\/gaspar.com.pt\/en\/produto\/et13-seta-luminosa\/#breadcrumb"},"inLanguage":"en-US","potentialAction":[{"@type":"ReadAction","target":["https:\/\/gaspar.com.pt\/en\/produto\/et13-seta-luminosa\/"]}]},{"@type":"ImageObject","inLanguage":"en-US","@id":"https:\/\/gaspar.com.pt\/en\/produto\/et13-seta-luminosa\/#primaryimage","url":"https:\/\/gaspar.com.pt\/wp-content\/uploads\/2023\/11\/ET13.jpg","contentUrl":"https:\/\/gaspar.com.pt\/wp-content\/uploads\/2023\/11\/ET13.jpg","width":350,"height":350},{"@type":"BreadcrumbList","@id":"https:\/\/gaspar.com.pt\/en\/produto\/et13-seta-luminosa\/#breadcrumb","itemListElement":[{"@type":"ListItem","position":1,"name":"In\u00edcio","item":"https:\/\/gaspar.com.pt\/en\/"},{"@type":"ListItem","position":2,"name":"Shop","item":"https:\/\/gaspar.com.pt\/shop\/"},{"@type":"ListItem","position":3,"name":"ET13 &#8211; Seta luminosa"}]},{"@type":"WebSite","@id":"https:\/\/gaspar.com.pt\/en\/#website","url":"https:\/\/gaspar.com.pt\/en\/","name":"Gaspar","description":"Cities moving forward","potentialAction":[{"@type":"SearchAction","target":{"@type":"EntryPoint","urlTemplate":"https:\/\/gaspar.com.pt\/en\/?s={search_term_string}"},"query-input":{"@type":"PropertyValueSpecification","valueRequired":true,"valueName":"search_term_string"}}],"inLanguage":"en-US"}]}},"_links":{"self":[{"href":"https:\/\/gaspar.com.pt\/en\/wp-json\/wp\/v2\/product\/8641","targetHints":{"allow":["GET"]}}],"collection":[{"href":"https:\/\/gaspar.com.pt\/en\/wp-json\/wp\/v2\/product"}],"about":[{"href":"https:\/\/gaspar.com.pt\/en\/wp-json\/wp\/v2\/types\/product"}],"replies":[{"embeddable":true,"href":"https:\/\/gaspar.com.pt\/en\/wp-json\/wp\/v2\/comments?post=8641"}],"wp:featuredmedia":[{"embeddable":true,"href":"https:\/\/gaspar.com.pt\/en\/wp-json\/wp\/v2\/media\/6803"}],"wp:attachment":[{"href":"https:\/\/gaspar.com.pt\/en\/wp-json\/wp\/v2\/media?parent=8641"}],"wp:term":[{"taxonomy":"product_brand","embeddable":true,"href":"https:\/\/gaspar.com.pt\/en\/wp-json\/wp\/v2\/product_brand?post=8641"},{"taxonomy":"product_cat","embeddable":true,"href":"https:\/\/gaspar.com.pt\/en\/wp-json\/wp\/v2\/product_cat?post=8641"},{"taxonomy":"product_tag","embeddable":true,"href":"https:\/\/gaspar.com.pt\/en\/wp-json\/wp\/v2\/product_tag?post=8641"}],"curies":[{"name":"wp","href":"https:\/\/api.w.org\/{rel}","templated":true}]}}