{"id":8567,"date":"2024-03-26T16:48:09","date_gmt":"2024-03-26T16:48:09","guid":{"rendered":"https:\/\/gaspar.com.pt\/produto\/i2d-pre-aviso-grafico-int-desnivelada\/"},"modified":"2024-03-26T17:13:26","modified_gmt":"2024-03-26T17:13:26","slug":"i2d-pre-aviso-grafico-int-desnivelada","status":"publish","type":"product","link":"https:\/\/gaspar.com.pt\/en\/produto\/i2d-pre-aviso-grafico-int-desnivelada\/","title":{"rendered":"I2d &#8211; Pr\u00e9-aviso gr\u00e1fico (Int. desnivelada)"},"content":{"rendered":"<p>I2d &#8211; Pr\u00e9-aviso gr\u00e1fico (Int. desnivelada)<\/p>\n<p>&#8220;Os sinais de pr\u00e9-sinaliza\u00e7\u00e3o [&#8230;] indicam os destinos de sa\u00edda de uma intersec\u00e7\u00e3o, completados ou n\u00e3o com indica\u00e7\u00f5es sobre o itiner\u00e1rio.&#8221;<em> Decreto Regulamentar n.\u00ba 22-A\/98<\/em><\/p>\n<p>&nbsp;<\/p>\n","protected":false},"excerpt":{"rendered":"<p>I2d &#8211; Pr\u00e9-aviso gr\u00e1fico (Int. desnivelada)<\/p>\n<p>&#8220;Os sinais de pr\u00e9-sinaliza\u00e7\u00e3o [&#8230;] indicam os destinos de sa\u00edda de uma intersec\u00e7\u00e3o, completados ou n\u00e3o com indica\u00e7\u00f5es sobre o itiner\u00e1rio.&#8221;<em> Decreto Regulamentar n.\u00ba 22-A\/98<\/em><\/p>\n<p>&nbsp;<\/p>\n<p><strong>Dimens\u00f5es dispon\u00edveis:\u00a0<\/strong><strong>Vari\u00e1vel de acordo com o Quadro XVI do\u00a0Decreto Regulamentar n.\u00ba 22-A\/98<\/strong><\/p>\n<p><strong>Material Base: Alum\u00ednio\u00a0<\/strong><\/p>\n<p><strong>Telas: N\u00edvel I \/ II \/ III<\/strong><\/p>\n<p><strong>Acess\u00f3rios: todos os acess\u00f3rios de fixa\u00e7\u00e3o s\u00e3o fornecidos juntamente com o sinal.<\/strong><\/p>\n","protected":false},"featured_media":6438,"comment_status":"open","ping_status":"closed","template":"","meta":{"_acf_changed":false,"inline_featured_image":false},"product_brand":[],"product_cat":[528],"product_tag":[],"class_list":{"0":"post-8567","1":"product","2":"type-product","3":"status-publish","4":"has-post-thumbnail","6":"product_cat-sinais-de-pre-sinalizacao","8":"first","9":"instock","10":"shipping-taxable","11":"product-type-simple"},"acf":[],"yoast_head":"<!-- This site is optimized with the Yoast SEO plugin v27.4 - https:\/\/yoast.com\/product\/yoast-seo-wordpress\/ -->\n<title>I2d - Pr\u00e9-aviso gr\u00e1fico (Int. desnivelada) - Gaspar<\/title>\n<meta name=\"robots\" content=\"index, follow, max-snippet:-1, max-image-preview:large, max-video-preview:-1\" \/>\n<link rel=\"canonical\" href=\"https:\/\/gaspar.com.pt\/en\/produto\/i2d-pre-aviso-grafico-int-desnivelada\/\" \/>\n<meta property=\"og:locale\" content=\"en_US\" \/>\n<meta property=\"og:type\" content=\"article\" \/>\n<meta property=\"og:title\" content=\"I2d - Pr\u00e9-aviso gr\u00e1fico (Int. desnivelada) - Gaspar\" \/>\n<meta property=\"og:description\" content=\"I2d - Pr\u00e9-aviso gr\u00e1fico (Int. desnivelada)  &quot;Os sinais de pr\u00e9-sinaliza\u00e7\u00e3o [...] indicam os destinos de sa\u00edda de uma intersec\u00e7\u00e3o, completados ou n\u00e3o com indica\u00e7\u00f5es sobre o itiner\u00e1rio.&quot; Decreto Regulamentar n.\u00ba 22-A\/98  &nbsp;  Dimens\u00f5es dispon\u00edveis:\u00a0Vari\u00e1vel de acordo com o Quadro XVI do\u00a0Decreto Regulamentar n.\u00ba 22-A\/98  Material Base: Alum\u00ednio\u00a0  Telas: N\u00edvel I \/ II \/ III  Acess\u00f3rios: todos os acess\u00f3rios de fixa\u00e7\u00e3o s\u00e3o fornecidos juntamente com o sinal.\" \/>\n<meta property=\"og:url\" content=\"https:\/\/gaspar.com.pt\/en\/produto\/i2d-pre-aviso-grafico-int-desnivelada\/\" \/>\n<meta property=\"og:site_name\" content=\"Gaspar\" \/>\n<meta property=\"article:modified_time\" content=\"2024-03-26T17:13:26+00:00\" \/>\n<meta name=\"twitter:card\" content=\"summary_large_image\" \/>\n<script type=\"application\/ld+json\" class=\"yoast-schema-graph\">{\"@context\":\"https:\\\/\\\/schema.org\",\"@graph\":[{\"@type\":\"WebPage\",\"@id\":\"https:\\\/\\\/gaspar.com.pt\\\/en\\\/produto\\\/i2d-pre-aviso-grafico-int-desnivelada\\\/\",\"url\":\"https:\\\/\\\/gaspar.com.pt\\\/en\\\/produto\\\/i2d-pre-aviso-grafico-int-desnivelada\\\/\",\"name\":\"I2d - Pr\u00e9-aviso gr\u00e1fico (Int. desnivelada) - Gaspar\",\"isPartOf\":{\"@id\":\"https:\\\/\\\/gaspar.com.pt\\\/en\\\/#website\"},\"primaryImageOfPage\":{\"@id\":\"https:\\\/\\\/gaspar.com.pt\\\/en\\\/produto\\\/i2d-pre-aviso-grafico-int-desnivelada\\\/#primaryimage\"},\"image\":{\"@id\":\"https:\\\/\\\/gaspar.com.pt\\\/en\\\/produto\\\/i2d-pre-aviso-grafico-int-desnivelada\\\/#primaryimage\"},\"thumbnailUrl\":\"https:\\\/\\\/gaspar.com.pt\\\/wp-content\\\/uploads\\\/2023\\\/11\\\/I2d-1.jpg\",\"datePublished\":\"2024-03-26T16:48:09+00:00\",\"dateModified\":\"2024-03-26T17:13:26+00:00\",\"breadcrumb\":{\"@id\":\"https:\\\/\\\/gaspar.com.pt\\\/en\\\/produto\\\/i2d-pre-aviso-grafico-int-desnivelada\\\/#breadcrumb\"},\"inLanguage\":\"en-US\",\"potentialAction\":[{\"@type\":\"ReadAction\",\"target\":[\"https:\\\/\\\/gaspar.com.pt\\\/en\\\/produto\\\/i2d-pre-aviso-grafico-int-desnivelada\\\/\"]}]},{\"@type\":\"ImageObject\",\"inLanguage\":\"en-US\",\"@id\":\"https:\\\/\\\/gaspar.com.pt\\\/en\\\/produto\\\/i2d-pre-aviso-grafico-int-desnivelada\\\/#primaryimage\",\"url\":\"https:\\\/\\\/gaspar.com.pt\\\/wp-content\\\/uploads\\\/2023\\\/11\\\/I2d-1.jpg\",\"contentUrl\":\"https:\\\/\\\/gaspar.com.pt\\\/wp-content\\\/uploads\\\/2023\\\/11\\\/I2d-1.jpg\",\"width\":600,\"height\":600},{\"@type\":\"BreadcrumbList\",\"@id\":\"https:\\\/\\\/gaspar.com.pt\\\/en\\\/produto\\\/i2d-pre-aviso-grafico-int-desnivelada\\\/#breadcrumb\",\"itemListElement\":[{\"@type\":\"ListItem\",\"position\":1,\"name\":\"In\u00edcio\",\"item\":\"https:\\\/\\\/gaspar.com.pt\\\/en\\\/\"},{\"@type\":\"ListItem\",\"position\":2,\"name\":\"Shop\",\"item\":\"https:\\\/\\\/gaspar.com.pt\\\/shop\\\/\"},{\"@type\":\"ListItem\",\"position\":3,\"name\":\"I2d &#8211; Pr\u00e9-aviso gr\u00e1fico (Int. desnivelada)\"}]},{\"@type\":\"WebSite\",\"@id\":\"https:\\\/\\\/gaspar.com.pt\\\/en\\\/#website\",\"url\":\"https:\\\/\\\/gaspar.com.pt\\\/en\\\/\",\"name\":\"Gaspar\",\"description\":\"Cities moving forward\",\"potentialAction\":[{\"@type\":\"SearchAction\",\"target\":{\"@type\":\"EntryPoint\",\"urlTemplate\":\"https:\\\/\\\/gaspar.com.pt\\\/en\\\/?s={search_term_string}\"},\"query-input\":{\"@type\":\"PropertyValueSpecification\",\"valueRequired\":true,\"valueName\":\"search_term_string\"}}],\"inLanguage\":\"en-US\"}]}<\/script>\n<!-- \/ Yoast SEO plugin. -->","yoast_head_json":{"title":"I2d - Pr\u00e9-aviso gr\u00e1fico (Int. desnivelada) - Gaspar","robots":{"index":"index","follow":"follow","max-snippet":"max-snippet:-1","max-image-preview":"max-image-preview:large","max-video-preview":"max-video-preview:-1"},"canonical":"https:\/\/gaspar.com.pt\/en\/produto\/i2d-pre-aviso-grafico-int-desnivelada\/","og_locale":"en_US","og_type":"article","og_title":"I2d - Pr\u00e9-aviso gr\u00e1fico (Int. desnivelada) - Gaspar","og_description":"I2d - Pr\u00e9-aviso gr\u00e1fico (Int. desnivelada)  \"Os sinais de pr\u00e9-sinaliza\u00e7\u00e3o [...] indicam os destinos de sa\u00edda de uma intersec\u00e7\u00e3o, completados ou n\u00e3o com indica\u00e7\u00f5es sobre o itiner\u00e1rio.\" Decreto Regulamentar n.\u00ba 22-A\/98  &nbsp;  Dimens\u00f5es dispon\u00edveis:\u00a0Vari\u00e1vel de acordo com o Quadro XVI do\u00a0Decreto Regulamentar n.\u00ba 22-A\/98  Material Base: Alum\u00ednio\u00a0  Telas: N\u00edvel I \/ II \/ III  Acess\u00f3rios: todos os acess\u00f3rios de fixa\u00e7\u00e3o s\u00e3o fornecidos juntamente com o sinal.","og_url":"https:\/\/gaspar.com.pt\/en\/produto\/i2d-pre-aviso-grafico-int-desnivelada\/","og_site_name":"Gaspar","article_modified_time":"2024-03-26T17:13:26+00:00","twitter_card":"summary_large_image","schema":{"@context":"https:\/\/schema.org","@graph":[{"@type":"WebPage","@id":"https:\/\/gaspar.com.pt\/en\/produto\/i2d-pre-aviso-grafico-int-desnivelada\/","url":"https:\/\/gaspar.com.pt\/en\/produto\/i2d-pre-aviso-grafico-int-desnivelada\/","name":"I2d - Pr\u00e9-aviso gr\u00e1fico (Int. desnivelada) - Gaspar","isPartOf":{"@id":"https:\/\/gaspar.com.pt\/en\/#website"},"primaryImageOfPage":{"@id":"https:\/\/gaspar.com.pt\/en\/produto\/i2d-pre-aviso-grafico-int-desnivelada\/#primaryimage"},"image":{"@id":"https:\/\/gaspar.com.pt\/en\/produto\/i2d-pre-aviso-grafico-int-desnivelada\/#primaryimage"},"thumbnailUrl":"https:\/\/gaspar.com.pt\/wp-content\/uploads\/2023\/11\/I2d-1.jpg","datePublished":"2024-03-26T16:48:09+00:00","dateModified":"2024-03-26T17:13:26+00:00","breadcrumb":{"@id":"https:\/\/gaspar.com.pt\/en\/produto\/i2d-pre-aviso-grafico-int-desnivelada\/#breadcrumb"},"inLanguage":"en-US","potentialAction":[{"@type":"ReadAction","target":["https:\/\/gaspar.com.pt\/en\/produto\/i2d-pre-aviso-grafico-int-desnivelada\/"]}]},{"@type":"ImageObject","inLanguage":"en-US","@id":"https:\/\/gaspar.com.pt\/en\/produto\/i2d-pre-aviso-grafico-int-desnivelada\/#primaryimage","url":"https:\/\/gaspar.com.pt\/wp-content\/uploads\/2023\/11\/I2d-1.jpg","contentUrl":"https:\/\/gaspar.com.pt\/wp-content\/uploads\/2023\/11\/I2d-1.jpg","width":600,"height":600},{"@type":"BreadcrumbList","@id":"https:\/\/gaspar.com.pt\/en\/produto\/i2d-pre-aviso-grafico-int-desnivelada\/#breadcrumb","itemListElement":[{"@type":"ListItem","position":1,"name":"In\u00edcio","item":"https:\/\/gaspar.com.pt\/en\/"},{"@type":"ListItem","position":2,"name":"Shop","item":"https:\/\/gaspar.com.pt\/shop\/"},{"@type":"ListItem","position":3,"name":"I2d &#8211; Pr\u00e9-aviso gr\u00e1fico (Int. desnivelada)"}]},{"@type":"WebSite","@id":"https:\/\/gaspar.com.pt\/en\/#website","url":"https:\/\/gaspar.com.pt\/en\/","name":"Gaspar","description":"Cities moving forward","potentialAction":[{"@type":"SearchAction","target":{"@type":"EntryPoint","urlTemplate":"https:\/\/gaspar.com.pt\/en\/?s={search_term_string}"},"query-input":{"@type":"PropertyValueSpecification","valueRequired":true,"valueName":"search_term_string"}}],"inLanguage":"en-US"}]}},"_links":{"self":[{"href":"https:\/\/gaspar.com.pt\/en\/wp-json\/wp\/v2\/product\/8567","targetHints":{"allow":["GET"]}}],"collection":[{"href":"https:\/\/gaspar.com.pt\/en\/wp-json\/wp\/v2\/product"}],"about":[{"href":"https:\/\/gaspar.com.pt\/en\/wp-json\/wp\/v2\/types\/product"}],"replies":[{"embeddable":true,"href":"https:\/\/gaspar.com.pt\/en\/wp-json\/wp\/v2\/comments?post=8567"}],"wp:featuredmedia":[{"embeddable":true,"href":"https:\/\/gaspar.com.pt\/en\/wp-json\/wp\/v2\/media\/6438"}],"wp:attachment":[{"href":"https:\/\/gaspar.com.pt\/en\/wp-json\/wp\/v2\/media?parent=8567"}],"wp:term":[{"taxonomy":"product_brand","embeddable":true,"href":"https:\/\/gaspar.com.pt\/en\/wp-json\/wp\/v2\/product_brand?post=8567"},{"taxonomy":"product_cat","embeddable":true,"href":"https:\/\/gaspar.com.pt\/en\/wp-json\/wp\/v2\/product_cat?post=8567"},{"taxonomy":"product_tag","embeddable":true,"href":"https:\/\/gaspar.com.pt\/en\/wp-json\/wp\/v2\/product_tag?post=8567"}],"curies":[{"name":"wp","href":"https:\/\/api.w.org\/{rel}","templated":true}]}}