{"id":8559,"date":"2024-03-26T16:48:07","date_gmt":"2024-03-26T16:48:07","guid":{"rendered":"https:\/\/gaspar.com.pt\/produto\/h49a-area-de-paragem-de-emergencia-indicacao-de-um-local-que-apenas-pode-ser-utilizado-em-caso-de-emergencia-ou-de-perigo-indicando-o-sinal-h49b-a-existencia-de-um-telefone-de-emergencia\/"},"modified":"2024-03-26T17:13:26","modified_gmt":"2024-03-26T17:13:26","slug":"h49a-area-de-paragem-de-emergencia-indicacao-de-um-local-que-apenas-pode-ser-utilizado-em-caso-de-emergencia-ou-de-perigo-indicando-o-sinal-h49b-a-existencia-de-um-telefone-de-emergencia","status":"publish","type":"product","link":"https:\/\/gaspar.com.pt\/en\/produto\/h49a-area-de-paragem-de-emergencia-indicacao-de-um-local-que-apenas-pode-ser-utilizado-em-caso-de-emergencia-ou-de-perigo-indicando-o-sinal-h49b-a-existencia-de-um-telefone-de-emergencia\/","title":{"rendered":"H49a &#8211; \u00c1rea de paragem de emerg\u00eancia: indica\u00e7\u00e3o de um local que apenas pode ser utilizado em caso de emerg\u00eancia ou de perigo, indicando o sinal H49b a exist\u00eancia de um telefone de emerg\u00eancia"},"content":{"rendered":"<p>H49a &#8211; \u00c1rea de paragem de emerg\u00eancia: indica\u00e7\u00e3o de um local que apenas pode ser utilizado em caso de emerg\u00eancia ou de perigo, indicando o sinal H49b a exist\u00eancia de um telefone de emerg\u00eancia<\/p>\n<p>\u201cOs sinais de informa\u00e7\u00e3o [&#8230;] indicam a exist\u00eancia de locais com interesse e d\u00e3o outras indica\u00e7\u00f5es \u00fateis [&#8230;].\u201d <em>Decreto Regulamentar n.\u00ba 22-A\/98<\/em><\/p>\n<p>&nbsp;<\/p>\n","protected":false},"excerpt":{"rendered":"<p>H49a &#8211; \u00c1rea de paragem de emerg\u00eancia: indica\u00e7\u00e3o de um local que apenas pode ser utilizado em caso de emerg\u00eancia ou de perigo, indicando o sinal H49b a exist\u00eancia de um telefone de emerg\u00eancia<\/p>\n<p>\u201cOs sinais de informa\u00e7\u00e3o [&#8230;] indicam a exist\u00eancia de locais com interesse e d\u00e3o outras indica\u00e7\u00f5es \u00fateis [&#8230;].\u201d <em>Decreto Regulamentar n.\u00ba 22-A\/98<\/em><\/p>\n<p>&nbsp;<\/p>\n<p><strong>Dimens\u00f5es dispon\u00edveis: 100 x 150 cm \/ 130 x 195 cm<\/strong><\/p>\n<p><strong>Material Base: Alum\u00ednio\u00a0<\/strong><\/p>\n<p><strong>Telas: N\u00edvel I \/ II \/ III<\/strong><\/p>\n<p><strong>Acess\u00f3rios: todos os acess\u00f3rios de fixa\u00e7\u00e3o s\u00e3o fornecidos juntamente com o sinal.<\/strong><\/p>\n","protected":false},"featured_media":8250,"comment_status":"open","ping_status":"closed","template":"","meta":{"_acf_changed":false,"inline_featured_image":false},"product_brand":[],"product_cat":[527],"product_tag":[],"class_list":{"0":"post-8559","1":"product","2":"type-product","3":"status-publish","4":"has-post-thumbnail","6":"product_cat-sinais-de-informacao","8":"first","9":"instock","10":"shipping-taxable","11":"product-type-simple"},"acf":[],"yoast_head":"<!-- This site is optimized with the Yoast SEO plugin v27.3 - https:\/\/yoast.com\/product\/yoast-seo-wordpress\/ -->\n<title>H49a - \u00c1rea de paragem de emerg\u00eancia: indica\u00e7\u00e3o de um local que apenas pode ser utilizado em caso de emerg\u00eancia ou de perigo, indicando o sinal H49b a exist\u00eancia de um telefone de emerg\u00eancia - Gaspar<\/title>\n<meta name=\"robots\" content=\"index, follow, max-snippet:-1, max-image-preview:large, max-video-preview:-1\" \/>\n<link rel=\"canonical\" href=\"https:\/\/gaspar.com.pt\/en\/produto\/h49a-area-de-paragem-de-emergencia-indicacao-de-um-local-que-apenas-pode-ser-utilizado-em-caso-de-emergencia-ou-de-perigo-indicando-o-sinal-h49b-a-existencia-de-um-telefone-de-emergencia\/\" \/>\n<meta property=\"og:locale\" content=\"en_US\" \/>\n<meta property=\"og:type\" content=\"article\" \/>\n<meta property=\"og:title\" content=\"H49a - \u00c1rea de paragem de emerg\u00eancia: indica\u00e7\u00e3o de um local que apenas pode ser utilizado em caso de emerg\u00eancia ou de perigo, indicando o sinal H49b a exist\u00eancia de um telefone de emerg\u00eancia - Gaspar\" \/>\n<meta property=\"og:description\" content=\"H49a - \u00c1rea de paragem de emerg\u00eancia: indica\u00e7\u00e3o de um local que apenas pode ser utilizado em caso de emerg\u00eancia ou de perigo, indicando o sinal H49b a exist\u00eancia de um telefone de emerg\u00eancia  \u201cOs sinais de informa\u00e7\u00e3o [...] indicam a exist\u00eancia de locais com interesse e d\u00e3o outras indica\u00e7\u00f5es \u00fateis [...].\u201d Decreto Regulamentar n.\u00ba 22-A\/98  &nbsp;  Dimens\u00f5es dispon\u00edveis: 100 x 150 cm \/ 130 x 195 cm  Material Base: Alum\u00ednio\u00a0  Telas: N\u00edvel I \/ II \/ III  Acess\u00f3rios: todos os acess\u00f3rios de fixa\u00e7\u00e3o s\u00e3o fornecidos juntamente com o sinal.\" \/>\n<meta property=\"og:url\" content=\"https:\/\/gaspar.com.pt\/en\/produto\/h49a-area-de-paragem-de-emergencia-indicacao-de-um-local-que-apenas-pode-ser-utilizado-em-caso-de-emergencia-ou-de-perigo-indicando-o-sinal-h49b-a-existencia-de-um-telefone-de-emergencia\/\" \/>\n<meta property=\"og:site_name\" content=\"Gaspar\" \/>\n<meta property=\"article:modified_time\" content=\"2024-03-26T17:13:26+00:00\" \/>\n<meta name=\"twitter:card\" content=\"summary_large_image\" \/>\n<script type=\"application\/ld+json\" class=\"yoast-schema-graph\">{\"@context\":\"https:\\\/\\\/schema.org\",\"@graph\":[{\"@type\":\"WebPage\",\"@id\":\"https:\\\/\\\/gaspar.com.pt\\\/en\\\/produto\\\/h49a-area-de-paragem-de-emergencia-indicacao-de-um-local-que-apenas-pode-ser-utilizado-em-caso-de-emergencia-ou-de-perigo-indicando-o-sinal-h49b-a-existencia-de-um-telefone-de-emergencia\\\/\",\"url\":\"https:\\\/\\\/gaspar.com.pt\\\/en\\\/produto\\\/h49a-area-de-paragem-de-emergencia-indicacao-de-um-local-que-apenas-pode-ser-utilizado-em-caso-de-emergencia-ou-de-perigo-indicando-o-sinal-h49b-a-existencia-de-um-telefone-de-emergencia\\\/\",\"name\":\"H49a - \u00c1rea de paragem de emerg\u00eancia: indica\u00e7\u00e3o de um local que apenas pode ser utilizado em caso de emerg\u00eancia ou de perigo, indicando o sinal H49b a exist\u00eancia de um telefone de emerg\u00eancia - Gaspar\",\"isPartOf\":{\"@id\":\"https:\\\/\\\/gaspar.com.pt\\\/en\\\/#website\"},\"primaryImageOfPage\":{\"@id\":\"https:\\\/\\\/gaspar.com.pt\\\/en\\\/produto\\\/h49a-area-de-paragem-de-emergencia-indicacao-de-um-local-que-apenas-pode-ser-utilizado-em-caso-de-emergencia-ou-de-perigo-indicando-o-sinal-h49b-a-existencia-de-um-telefone-de-emergencia\\\/#primaryimage\"},\"image\":{\"@id\":\"https:\\\/\\\/gaspar.com.pt\\\/en\\\/produto\\\/h49a-area-de-paragem-de-emergencia-indicacao-de-um-local-que-apenas-pode-ser-utilizado-em-caso-de-emergencia-ou-de-perigo-indicando-o-sinal-h49b-a-existencia-de-um-telefone-de-emergencia\\\/#primaryimage\"},\"thumbnailUrl\":\"https:\\\/\\\/gaspar.com.pt\\\/wp-content\\\/uploads\\\/2024\\\/03\\\/H49a-Area_de_paragem_de_emergencia.webp\",\"datePublished\":\"2024-03-26T16:48:07+00:00\",\"dateModified\":\"2024-03-26T17:13:26+00:00\",\"breadcrumb\":{\"@id\":\"https:\\\/\\\/gaspar.com.pt\\\/en\\\/produto\\\/h49a-area-de-paragem-de-emergencia-indicacao-de-um-local-que-apenas-pode-ser-utilizado-em-caso-de-emergencia-ou-de-perigo-indicando-o-sinal-h49b-a-existencia-de-um-telefone-de-emergencia\\\/#breadcrumb\"},\"inLanguage\":\"en-US\",\"potentialAction\":[{\"@type\":\"ReadAction\",\"target\":[\"https:\\\/\\\/gaspar.com.pt\\\/en\\\/produto\\\/h49a-area-de-paragem-de-emergencia-indicacao-de-um-local-que-apenas-pode-ser-utilizado-em-caso-de-emergencia-ou-de-perigo-indicando-o-sinal-h49b-a-existencia-de-um-telefone-de-emergencia\\\/\"]}]},{\"@type\":\"ImageObject\",\"inLanguage\":\"en-US\",\"@id\":\"https:\\\/\\\/gaspar.com.pt\\\/en\\\/produto\\\/h49a-area-de-paragem-de-emergencia-indicacao-de-um-local-que-apenas-pode-ser-utilizado-em-caso-de-emergencia-ou-de-perigo-indicando-o-sinal-h49b-a-existencia-de-um-telefone-de-emergencia\\\/#primaryimage\",\"url\":\"https:\\\/\\\/gaspar.com.pt\\\/wp-content\\\/uploads\\\/2024\\\/03\\\/H49a-Area_de_paragem_de_emergencia.webp\",\"contentUrl\":\"https:\\\/\\\/gaspar.com.pt\\\/wp-content\\\/uploads\\\/2024\\\/03\\\/H49a-Area_de_paragem_de_emergencia.webp\",\"width\":200,\"height\":200},{\"@type\":\"BreadcrumbList\",\"@id\":\"https:\\\/\\\/gaspar.com.pt\\\/en\\\/produto\\\/h49a-area-de-paragem-de-emergencia-indicacao-de-um-local-que-apenas-pode-ser-utilizado-em-caso-de-emergencia-ou-de-perigo-indicando-o-sinal-h49b-a-existencia-de-um-telefone-de-emergencia\\\/#breadcrumb\",\"itemListElement\":[{\"@type\":\"ListItem\",\"position\":1,\"name\":\"In\u00edcio\",\"item\":\"https:\\\/\\\/gaspar.com.pt\\\/en\\\/\"},{\"@type\":\"ListItem\",\"position\":2,\"name\":\"Shop\",\"item\":\"https:\\\/\\\/gaspar.com.pt\\\/shop\\\/\"},{\"@type\":\"ListItem\",\"position\":3,\"name\":\"H49a &#8211; \u00c1rea de paragem de emerg\u00eancia: indica\u00e7\u00e3o de um local que apenas pode ser utilizado em caso de emerg\u00eancia ou de perigo, indicando o sinal H49b a exist\u00eancia de um telefone de emerg\u00eancia\"}]},{\"@type\":\"WebSite\",\"@id\":\"https:\\\/\\\/gaspar.com.pt\\\/en\\\/#website\",\"url\":\"https:\\\/\\\/gaspar.com.pt\\\/en\\\/\",\"name\":\"Gaspar\",\"description\":\"Cities moving forward\",\"potentialAction\":[{\"@type\":\"SearchAction\",\"target\":{\"@type\":\"EntryPoint\",\"urlTemplate\":\"https:\\\/\\\/gaspar.com.pt\\\/en\\\/?s={search_term_string}\"},\"query-input\":{\"@type\":\"PropertyValueSpecification\",\"valueRequired\":true,\"valueName\":\"search_term_string\"}}],\"inLanguage\":\"en-US\"}]}<\/script>\n<!-- \/ Yoast SEO plugin. -->","yoast_head_json":{"title":"H49a - \u00c1rea de paragem de emerg\u00eancia: indica\u00e7\u00e3o de um local que apenas pode ser utilizado em caso de emerg\u00eancia ou de perigo, indicando o sinal H49b a exist\u00eancia de um telefone de emerg\u00eancia - Gaspar","robots":{"index":"index","follow":"follow","max-snippet":"max-snippet:-1","max-image-preview":"max-image-preview:large","max-video-preview":"max-video-preview:-1"},"canonical":"https:\/\/gaspar.com.pt\/en\/produto\/h49a-area-de-paragem-de-emergencia-indicacao-de-um-local-que-apenas-pode-ser-utilizado-em-caso-de-emergencia-ou-de-perigo-indicando-o-sinal-h49b-a-existencia-de-um-telefone-de-emergencia\/","og_locale":"en_US","og_type":"article","og_title":"H49a - \u00c1rea de paragem de emerg\u00eancia: indica\u00e7\u00e3o de um local que apenas pode ser utilizado em caso de emerg\u00eancia ou de perigo, indicando o sinal H49b a exist\u00eancia de um telefone de emerg\u00eancia - Gaspar","og_description":"H49a - \u00c1rea de paragem de emerg\u00eancia: indica\u00e7\u00e3o de um local que apenas pode ser utilizado em caso de emerg\u00eancia ou de perigo, indicando o sinal H49b a exist\u00eancia de um telefone de emerg\u00eancia  \u201cOs sinais de informa\u00e7\u00e3o [...] indicam a exist\u00eancia de locais com interesse e d\u00e3o outras indica\u00e7\u00f5es \u00fateis [...].\u201d Decreto Regulamentar n.\u00ba 22-A\/98  &nbsp;  Dimens\u00f5es dispon\u00edveis: 100 x 150 cm \/ 130 x 195 cm  Material Base: Alum\u00ednio\u00a0  Telas: N\u00edvel I \/ II \/ III  Acess\u00f3rios: todos os acess\u00f3rios de fixa\u00e7\u00e3o s\u00e3o fornecidos juntamente com o sinal.","og_url":"https:\/\/gaspar.com.pt\/en\/produto\/h49a-area-de-paragem-de-emergencia-indicacao-de-um-local-que-apenas-pode-ser-utilizado-em-caso-de-emergencia-ou-de-perigo-indicando-o-sinal-h49b-a-existencia-de-um-telefone-de-emergencia\/","og_site_name":"Gaspar","article_modified_time":"2024-03-26T17:13:26+00:00","twitter_card":"summary_large_image","schema":{"@context":"https:\/\/schema.org","@graph":[{"@type":"WebPage","@id":"https:\/\/gaspar.com.pt\/en\/produto\/h49a-area-de-paragem-de-emergencia-indicacao-de-um-local-que-apenas-pode-ser-utilizado-em-caso-de-emergencia-ou-de-perigo-indicando-o-sinal-h49b-a-existencia-de-um-telefone-de-emergencia\/","url":"https:\/\/gaspar.com.pt\/en\/produto\/h49a-area-de-paragem-de-emergencia-indicacao-de-um-local-que-apenas-pode-ser-utilizado-em-caso-de-emergencia-ou-de-perigo-indicando-o-sinal-h49b-a-existencia-de-um-telefone-de-emergencia\/","name":"H49a - \u00c1rea de paragem de emerg\u00eancia: indica\u00e7\u00e3o de um local que apenas pode ser utilizado em caso de emerg\u00eancia ou de perigo, indicando o sinal H49b a exist\u00eancia de um telefone de emerg\u00eancia - Gaspar","isPartOf":{"@id":"https:\/\/gaspar.com.pt\/en\/#website"},"primaryImageOfPage":{"@id":"https:\/\/gaspar.com.pt\/en\/produto\/h49a-area-de-paragem-de-emergencia-indicacao-de-um-local-que-apenas-pode-ser-utilizado-em-caso-de-emergencia-ou-de-perigo-indicando-o-sinal-h49b-a-existencia-de-um-telefone-de-emergencia\/#primaryimage"},"image":{"@id":"https:\/\/gaspar.com.pt\/en\/produto\/h49a-area-de-paragem-de-emergencia-indicacao-de-um-local-que-apenas-pode-ser-utilizado-em-caso-de-emergencia-ou-de-perigo-indicando-o-sinal-h49b-a-existencia-de-um-telefone-de-emergencia\/#primaryimage"},"thumbnailUrl":"https:\/\/gaspar.com.pt\/wp-content\/uploads\/2024\/03\/H49a-Area_de_paragem_de_emergencia.webp","datePublished":"2024-03-26T16:48:07+00:00","dateModified":"2024-03-26T17:13:26+00:00","breadcrumb":{"@id":"https:\/\/gaspar.com.pt\/en\/produto\/h49a-area-de-paragem-de-emergencia-indicacao-de-um-local-que-apenas-pode-ser-utilizado-em-caso-de-emergencia-ou-de-perigo-indicando-o-sinal-h49b-a-existencia-de-um-telefone-de-emergencia\/#breadcrumb"},"inLanguage":"en-US","potentialAction":[{"@type":"ReadAction","target":["https:\/\/gaspar.com.pt\/en\/produto\/h49a-area-de-paragem-de-emergencia-indicacao-de-um-local-que-apenas-pode-ser-utilizado-em-caso-de-emergencia-ou-de-perigo-indicando-o-sinal-h49b-a-existencia-de-um-telefone-de-emergencia\/"]}]},{"@type":"ImageObject","inLanguage":"en-US","@id":"https:\/\/gaspar.com.pt\/en\/produto\/h49a-area-de-paragem-de-emergencia-indicacao-de-um-local-que-apenas-pode-ser-utilizado-em-caso-de-emergencia-ou-de-perigo-indicando-o-sinal-h49b-a-existencia-de-um-telefone-de-emergencia\/#primaryimage","url":"https:\/\/gaspar.com.pt\/wp-content\/uploads\/2024\/03\/H49a-Area_de_paragem_de_emergencia.webp","contentUrl":"https:\/\/gaspar.com.pt\/wp-content\/uploads\/2024\/03\/H49a-Area_de_paragem_de_emergencia.webp","width":200,"height":200},{"@type":"BreadcrumbList","@id":"https:\/\/gaspar.com.pt\/en\/produto\/h49a-area-de-paragem-de-emergencia-indicacao-de-um-local-que-apenas-pode-ser-utilizado-em-caso-de-emergencia-ou-de-perigo-indicando-o-sinal-h49b-a-existencia-de-um-telefone-de-emergencia\/#breadcrumb","itemListElement":[{"@type":"ListItem","position":1,"name":"In\u00edcio","item":"https:\/\/gaspar.com.pt\/en\/"},{"@type":"ListItem","position":2,"name":"Shop","item":"https:\/\/gaspar.com.pt\/shop\/"},{"@type":"ListItem","position":3,"name":"H49a &#8211; \u00c1rea de paragem de emerg\u00eancia: indica\u00e7\u00e3o de um local que apenas pode ser utilizado em caso de emerg\u00eancia ou de perigo, indicando o sinal H49b a exist\u00eancia de um telefone de emerg\u00eancia"}]},{"@type":"WebSite","@id":"https:\/\/gaspar.com.pt\/en\/#website","url":"https:\/\/gaspar.com.pt\/en\/","name":"Gaspar","description":"Cities moving forward","potentialAction":[{"@type":"SearchAction","target":{"@type":"EntryPoint","urlTemplate":"https:\/\/gaspar.com.pt\/en\/?s={search_term_string}"},"query-input":{"@type":"PropertyValueSpecification","valueRequired":true,"valueName":"search_term_string"}}],"inLanguage":"en-US"}]}},"_links":{"self":[{"href":"https:\/\/gaspar.com.pt\/en\/wp-json\/wp\/v2\/product\/8559","targetHints":{"allow":["GET"]}}],"collection":[{"href":"https:\/\/gaspar.com.pt\/en\/wp-json\/wp\/v2\/product"}],"about":[{"href":"https:\/\/gaspar.com.pt\/en\/wp-json\/wp\/v2\/types\/product"}],"replies":[{"embeddable":true,"href":"https:\/\/gaspar.com.pt\/en\/wp-json\/wp\/v2\/comments?post=8559"}],"wp:featuredmedia":[{"embeddable":true,"href":"https:\/\/gaspar.com.pt\/en\/wp-json\/wp\/v2\/media\/8250"}],"wp:attachment":[{"href":"https:\/\/gaspar.com.pt\/en\/wp-json\/wp\/v2\/media?parent=8559"}],"wp:term":[{"taxonomy":"product_brand","embeddable":true,"href":"https:\/\/gaspar.com.pt\/en\/wp-json\/wp\/v2\/product_brand?post=8559"},{"taxonomy":"product_cat","embeddable":true,"href":"https:\/\/gaspar.com.pt\/en\/wp-json\/wp\/v2\/product_cat?post=8559"},{"taxonomy":"product_tag","embeddable":true,"href":"https:\/\/gaspar.com.pt\/en\/wp-json\/wp\/v2\/product_tag?post=8559"}],"curies":[{"name":"wp","href":"https:\/\/api.w.org\/{rel}","templated":true}]}}