{"id":8365,"date":"2024-03-26T16:47:01","date_gmt":"2024-03-26T16:47:01","guid":{"rendered":"https:\/\/gaspar.com.pt\/produto\/b2-paragem-obrigatoria-na-interseccao\/"},"modified":"2024-03-26T17:13:05","modified_gmt":"2024-03-26T17:13:05","slug":"b2-paragem-obrigatoria-na-interseccao","status":"publish","type":"product","link":"https:\/\/gaspar.com.pt\/en\/produto\/b2-paragem-obrigatoria-na-interseccao\/","title":{"rendered":"B2 &#8211; Paragem obrigat\u00f3ria na intersec\u00e7\u00e3o"},"content":{"rendered":"<p>B2 &#8211; Paragem obrigat\u00f3ria na intersec\u00e7\u00e3o<\/p>\n<p>\u201cOs sinais de ced\u00eancia de passagem informam os condutores da exist\u00eancia de um cruzamento, entroncamento, rotunda ou passagem estreita, onde lhes \u00e9 imposto um determinado comportamento ou uma especial aten\u00e7\u00e3o.\u201d <em>Decreto Regulamentar n.\u00ba 22-A\/98<\/em><\/p>\n<p>&nbsp;<\/p>\n","protected":false},"excerpt":{"rendered":"<p>B2 &#8211; Paragem obrigat\u00f3ria na intersec\u00e7\u00e3o<\/p>\n<p>\u201cOs sinais de ced\u00eancia de passagem informam os condutores da exist\u00eancia de um cruzamento, entroncamento, rotunda ou passagem estreita, onde lhes \u00e9 imposto um determinado comportamento ou uma especial aten\u00e7\u00e3o.\u201d <em>Decreto Regulamentar n.\u00ba 22-A\/98<\/em><\/p>\n<p>&nbsp;<\/p>\n<p><strong>Dimens\u00f5es dispon\u00edveis: 60 cm \/ 70 cm \/ 90 cm \/ 115 cm<\/strong><\/p>\n<p><strong>Material Base: Alum\u00ednio \/ Ferro<\/strong><\/p>\n<p><strong>Telas: N\u00edvel I \/ II \/ III<\/strong><\/p>\n<p><strong>Acess\u00f3rios: todos os acess\u00f3rios de fixa\u00e7\u00e3o s\u00e3o fornecidos juntamente com o sinal.<\/strong><\/p>\n","protected":false},"featured_media":6340,"comment_status":"open","ping_status":"closed","template":"","meta":{"_acf_changed":false,"inline_featured_image":false},"product_brand":[],"product_cat":[521],"product_tag":[],"class_list":{"0":"post-8365","1":"product","2":"type-product","3":"status-publish","4":"has-post-thumbnail","6":"product_cat-sinais-de-cedencia-de-passagem","8":"first","9":"instock","10":"shipping-taxable","11":"product-type-simple"},"acf":[],"yoast_head":"<!-- This site is optimized with the Yoast SEO plugin v27.5 - https:\/\/yoast.com\/product\/yoast-seo-wordpress\/ -->\n<title>B2 - Paragem obrigat\u00f3ria na intersec\u00e7\u00e3o - Gaspar<\/title>\n<meta name=\"robots\" content=\"index, follow, max-snippet:-1, max-image-preview:large, max-video-preview:-1\" \/>\n<link rel=\"canonical\" href=\"https:\/\/gaspar.com.pt\/en\/produto\/b2-paragem-obrigatoria-na-interseccao\/\" \/>\n<meta property=\"og:locale\" content=\"en_US\" \/>\n<meta property=\"og:type\" content=\"article\" \/>\n<meta property=\"og:title\" content=\"B2 - Paragem obrigat\u00f3ria na intersec\u00e7\u00e3o - Gaspar\" \/>\n<meta property=\"og:description\" content=\"B2 - Paragem obrigat\u00f3ria na intersec\u00e7\u00e3o  \u201cOs sinais de ced\u00eancia de passagem informam os condutores da exist\u00eancia de um cruzamento, entroncamento, rotunda ou passagem estreita, onde lhes \u00e9 imposto um determinado comportamento ou uma especial aten\u00e7\u00e3o.\u201d Decreto Regulamentar n.\u00ba 22-A\/98  &nbsp;  Dimens\u00f5es dispon\u00edveis: 60 cm \/ 70 cm \/ 90 cm \/ 115 cm  Material Base: Alum\u00ednio \/ Ferro  Telas: N\u00edvel I \/ II \/ III  Acess\u00f3rios: todos os acess\u00f3rios de fixa\u00e7\u00e3o s\u00e3o fornecidos juntamente com o sinal.\" \/>\n<meta property=\"og:url\" content=\"https:\/\/gaspar.com.pt\/en\/produto\/b2-paragem-obrigatoria-na-interseccao\/\" \/>\n<meta property=\"og:site_name\" content=\"Gaspar\" \/>\n<meta property=\"article:modified_time\" content=\"2024-03-26T17:13:05+00:00\" \/>\n<meta name=\"twitter:card\" content=\"summary_large_image\" \/>\n<script type=\"application\/ld+json\" class=\"yoast-schema-graph\">{\"@context\":\"https:\\\/\\\/schema.org\",\"@graph\":[{\"@type\":\"WebPage\",\"@id\":\"https:\\\/\\\/gaspar.com.pt\\\/en\\\/produto\\\/b2-paragem-obrigatoria-na-interseccao\\\/\",\"url\":\"https:\\\/\\\/gaspar.com.pt\\\/en\\\/produto\\\/b2-paragem-obrigatoria-na-interseccao\\\/\",\"name\":\"B2 - Paragem obrigat\u00f3ria na intersec\u00e7\u00e3o - Gaspar\",\"isPartOf\":{\"@id\":\"https:\\\/\\\/gaspar.com.pt\\\/en\\\/#website\"},\"primaryImageOfPage\":{\"@id\":\"https:\\\/\\\/gaspar.com.pt\\\/en\\\/produto\\\/b2-paragem-obrigatoria-na-interseccao\\\/#primaryimage\"},\"image\":{\"@id\":\"https:\\\/\\\/gaspar.com.pt\\\/en\\\/produto\\\/b2-paragem-obrigatoria-na-interseccao\\\/#primaryimage\"},\"thumbnailUrl\":\"https:\\\/\\\/gaspar.com.pt\\\/wp-content\\\/uploads\\\/2023\\\/11\\\/B2.jpg\",\"datePublished\":\"2024-03-26T16:47:01+00:00\",\"dateModified\":\"2024-03-26T17:13:05+00:00\",\"breadcrumb\":{\"@id\":\"https:\\\/\\\/gaspar.com.pt\\\/en\\\/produto\\\/b2-paragem-obrigatoria-na-interseccao\\\/#breadcrumb\"},\"inLanguage\":\"en-US\",\"potentialAction\":[{\"@type\":\"ReadAction\",\"target\":[\"https:\\\/\\\/gaspar.com.pt\\\/en\\\/produto\\\/b2-paragem-obrigatoria-na-interseccao\\\/\"]}]},{\"@type\":\"ImageObject\",\"inLanguage\":\"en-US\",\"@id\":\"https:\\\/\\\/gaspar.com.pt\\\/en\\\/produto\\\/b2-paragem-obrigatoria-na-interseccao\\\/#primaryimage\",\"url\":\"https:\\\/\\\/gaspar.com.pt\\\/wp-content\\\/uploads\\\/2023\\\/11\\\/B2.jpg\",\"contentUrl\":\"https:\\\/\\\/gaspar.com.pt\\\/wp-content\\\/uploads\\\/2023\\\/11\\\/B2.jpg\",\"width\":430,\"height\":380},{\"@type\":\"BreadcrumbList\",\"@id\":\"https:\\\/\\\/gaspar.com.pt\\\/en\\\/produto\\\/b2-paragem-obrigatoria-na-interseccao\\\/#breadcrumb\",\"itemListElement\":[{\"@type\":\"ListItem\",\"position\":1,\"name\":\"In\u00edcio\",\"item\":\"https:\\\/\\\/gaspar.com.pt\\\/en\\\/\"},{\"@type\":\"ListItem\",\"position\":2,\"name\":\"Shop\",\"item\":\"https:\\\/\\\/gaspar.com.pt\\\/shop\\\/\"},{\"@type\":\"ListItem\",\"position\":3,\"name\":\"B2 &#8211; Paragem obrigat\u00f3ria na intersec\u00e7\u00e3o\"}]},{\"@type\":\"WebSite\",\"@id\":\"https:\\\/\\\/gaspar.com.pt\\\/en\\\/#website\",\"url\":\"https:\\\/\\\/gaspar.com.pt\\\/en\\\/\",\"name\":\"Gaspar\",\"description\":\"Cities moving forward\",\"potentialAction\":[{\"@type\":\"SearchAction\",\"target\":{\"@type\":\"EntryPoint\",\"urlTemplate\":\"https:\\\/\\\/gaspar.com.pt\\\/en\\\/?s={search_term_string}\"},\"query-input\":{\"@type\":\"PropertyValueSpecification\",\"valueRequired\":true,\"valueName\":\"search_term_string\"}}],\"inLanguage\":\"en-US\"}]}<\/script>\n<!-- \/ Yoast SEO plugin. -->","yoast_head_json":{"title":"B2 - Paragem obrigat\u00f3ria na intersec\u00e7\u00e3o - Gaspar","robots":{"index":"index","follow":"follow","max-snippet":"max-snippet:-1","max-image-preview":"max-image-preview:large","max-video-preview":"max-video-preview:-1"},"canonical":"https:\/\/gaspar.com.pt\/en\/produto\/b2-paragem-obrigatoria-na-interseccao\/","og_locale":"en_US","og_type":"article","og_title":"B2 - Paragem obrigat\u00f3ria na intersec\u00e7\u00e3o - Gaspar","og_description":"B2 - Paragem obrigat\u00f3ria na intersec\u00e7\u00e3o  \u201cOs sinais de ced\u00eancia de passagem informam os condutores da exist\u00eancia de um cruzamento, entroncamento, rotunda ou passagem estreita, onde lhes \u00e9 imposto um determinado comportamento ou uma especial aten\u00e7\u00e3o.\u201d Decreto Regulamentar n.\u00ba 22-A\/98  &nbsp;  Dimens\u00f5es dispon\u00edveis: 60 cm \/ 70 cm \/ 90 cm \/ 115 cm  Material Base: Alum\u00ednio \/ Ferro  Telas: N\u00edvel I \/ II \/ III  Acess\u00f3rios: todos os acess\u00f3rios de fixa\u00e7\u00e3o s\u00e3o fornecidos juntamente com o sinal.","og_url":"https:\/\/gaspar.com.pt\/en\/produto\/b2-paragem-obrigatoria-na-interseccao\/","og_site_name":"Gaspar","article_modified_time":"2024-03-26T17:13:05+00:00","twitter_card":"summary_large_image","schema":{"@context":"https:\/\/schema.org","@graph":[{"@type":"WebPage","@id":"https:\/\/gaspar.com.pt\/en\/produto\/b2-paragem-obrigatoria-na-interseccao\/","url":"https:\/\/gaspar.com.pt\/en\/produto\/b2-paragem-obrigatoria-na-interseccao\/","name":"B2 - Paragem obrigat\u00f3ria na intersec\u00e7\u00e3o - Gaspar","isPartOf":{"@id":"https:\/\/gaspar.com.pt\/en\/#website"},"primaryImageOfPage":{"@id":"https:\/\/gaspar.com.pt\/en\/produto\/b2-paragem-obrigatoria-na-interseccao\/#primaryimage"},"image":{"@id":"https:\/\/gaspar.com.pt\/en\/produto\/b2-paragem-obrigatoria-na-interseccao\/#primaryimage"},"thumbnailUrl":"https:\/\/gaspar.com.pt\/wp-content\/uploads\/2023\/11\/B2.jpg","datePublished":"2024-03-26T16:47:01+00:00","dateModified":"2024-03-26T17:13:05+00:00","breadcrumb":{"@id":"https:\/\/gaspar.com.pt\/en\/produto\/b2-paragem-obrigatoria-na-interseccao\/#breadcrumb"},"inLanguage":"en-US","potentialAction":[{"@type":"ReadAction","target":["https:\/\/gaspar.com.pt\/en\/produto\/b2-paragem-obrigatoria-na-interseccao\/"]}]},{"@type":"ImageObject","inLanguage":"en-US","@id":"https:\/\/gaspar.com.pt\/en\/produto\/b2-paragem-obrigatoria-na-interseccao\/#primaryimage","url":"https:\/\/gaspar.com.pt\/wp-content\/uploads\/2023\/11\/B2.jpg","contentUrl":"https:\/\/gaspar.com.pt\/wp-content\/uploads\/2023\/11\/B2.jpg","width":430,"height":380},{"@type":"BreadcrumbList","@id":"https:\/\/gaspar.com.pt\/en\/produto\/b2-paragem-obrigatoria-na-interseccao\/#breadcrumb","itemListElement":[{"@type":"ListItem","position":1,"name":"In\u00edcio","item":"https:\/\/gaspar.com.pt\/en\/"},{"@type":"ListItem","position":2,"name":"Shop","item":"https:\/\/gaspar.com.pt\/shop\/"},{"@type":"ListItem","position":3,"name":"B2 &#8211; Paragem obrigat\u00f3ria na intersec\u00e7\u00e3o"}]},{"@type":"WebSite","@id":"https:\/\/gaspar.com.pt\/en\/#website","url":"https:\/\/gaspar.com.pt\/en\/","name":"Gaspar","description":"Cities moving forward","potentialAction":[{"@type":"SearchAction","target":{"@type":"EntryPoint","urlTemplate":"https:\/\/gaspar.com.pt\/en\/?s={search_term_string}"},"query-input":{"@type":"PropertyValueSpecification","valueRequired":true,"valueName":"search_term_string"}}],"inLanguage":"en-US"}]}},"_links":{"self":[{"href":"https:\/\/gaspar.com.pt\/en\/wp-json\/wp\/v2\/product\/8365","targetHints":{"allow":["GET"]}}],"collection":[{"href":"https:\/\/gaspar.com.pt\/en\/wp-json\/wp\/v2\/product"}],"about":[{"href":"https:\/\/gaspar.com.pt\/en\/wp-json\/wp\/v2\/types\/product"}],"replies":[{"embeddable":true,"href":"https:\/\/gaspar.com.pt\/en\/wp-json\/wp\/v2\/comments?post=8365"}],"wp:featuredmedia":[{"embeddable":true,"href":"https:\/\/gaspar.com.pt\/en\/wp-json\/wp\/v2\/media\/6340"}],"wp:attachment":[{"href":"https:\/\/gaspar.com.pt\/en\/wp-json\/wp\/v2\/media?parent=8365"}],"wp:term":[{"taxonomy":"product_brand","embeddable":true,"href":"https:\/\/gaspar.com.pt\/en\/wp-json\/wp\/v2\/product_brand?post=8365"},{"taxonomy":"product_cat","embeddable":true,"href":"https:\/\/gaspar.com.pt\/en\/wp-json\/wp\/v2\/product_cat?post=8365"},{"taxonomy":"product_tag","embeddable":true,"href":"https:\/\/gaspar.com.pt\/en\/wp-json\/wp\/v2\/product_tag?post=8365"}],"curies":[{"name":"wp","href":"https:\/\/api.w.org\/{rel}","templated":true}]}}