{"id":4150,"date":"2022-07-13T15:51:51","date_gmt":"2022-07-13T15:51:51","guid":{"rendered":"https:\/\/gaspar.com.pt\/?page_id=4150"},"modified":"2022-08-30T15:08:44","modified_gmt":"2022-08-30T15:08:44","slug":"news","status":"publish","type":"page","link":"https:\/\/gaspar.com.pt\/en\/news\/","title":{"rendered":"News"},"content":{"rendered":"<p>[vc_row dfd_row_config=&#8221;full_width_content&#8221;][vc_column column_bg_position=&#8221;center center&#8221; column_bg_repeat=&#8221;no-repeat&#8221; css=&#8221;.vc_custom_1657727511851{background-image: url(https:\/\/gaspar.com.pt\/wp-content\/uploads\/2022\/03\/Contacts_Header.jpg?id=1496) !important;background-position: center !important;background-repeat: no-repeat !important;background-size: cover !important;}&#8221; col_shadow=&#8221;box_shadow_enable:disable|shadow_horizontal:0|shadow_vertical:15|shadow_blur:50|shadow_spread:0|box_shadow_color:rgba(0%2C0%2C0%2C.35)&#8221; col_shadow_hover=&#8221;box_shadow_enable:disable|shadow_horizontal:0|shadow_vertical:15|shadow_blur:50|shadow_spread:0|box_shadow_color:rgba(0%2C0%2C0%2C.35)&#8221;]<div class=\"dfd-spacer-module\"  data-units=\"px\" data-wide_resolution=\"1280\" data-wide_size=\"400\" data-normal_resolution=\"1024\" data-normal_size=\"400\" data-tablet_resolution=\"800\" data-tablet_size=\"400\" data-mobile_resolution=\"480\" data-mobile_size=\"200\" style=\"height: 400px;\"><\/div>[\/vc_column][\/vc_row][vc_row full_width=&#8221;stretch_row&#8221; equal_height=&#8221;yes&#8221; content_placement=&#8221;top&#8221; css=&#8221;.vc_custom_1657727897976{background-color: #f7f7f7 !important;}&#8221;][vc_column alignment=&#8221;left&#8221; css=&#8221;.vc_custom_1657727821412{padding-bottom: 6% !important;background-position: center !important;background-repeat: no-repeat !important;background-size: cover !important;}&#8221; col_shadow=&#8221;box_shadow_enable:disable|shadow_horizontal:0|shadow_vertical:15|shadow_blur:50|shadow_spread:0|box_shadow_color:rgba(0%2C0%2C0%2C.35)&#8221; col_shadow_hover=&#8221;box_shadow_enable:disable|shadow_horizontal:0|shadow_vertical:15|shadow_blur:50|shadow_spread:0|box_shadow_color:rgba(0%2C0%2C0%2C.35)&#8221;]<div class=\"dfd-spacer-module\"  data-units=\"px\" data-wide_resolution=\"1280\" data-wide_size=\"60\" data-normal_resolution=\"1024\" data-normal_size=\"60\" data-tablet_resolution=\"800\" data-tablet_size=\"50\" data-mobile_resolution=\"480\" data-mobile_size=\"40\" style=\"height: 60px;\"><\/div><div class=\"dfd-heading-shortcode\"><div class=\"dfd-heading-module-wrap  text-left style_01 dfd-heading-69e5263b0fa68 dfd-disable-resposive-headings\" id=\"dfd-heading-69e5263b0fa68\" ><div class=\"inline-block\"><div class=\"dfd-heading-module\"><h1 class=\"widget-title dfd-title \" style=\"color: #41b6e6 !important; \">News<\/h1><\/div><\/div><\/div><script type=\"text\/javascript\">\r\n\t\t\t\t\t\t\t\t\t(function($) {\r\n\t\t\t\t\t\t\t\t\t\t$(\"head\").append(\"<style>.dfd-heading-69e5263b0fa68.dfd-heading-module-wrap .dfd-heading-module .dfd-heading-delimiter {margin-top:10px;margin-bottom:10px;}@media (max-width: 799px){.dfd-heading-69e5263b0fa68 .dfd-title{font-size: 44px !important;line-height: 48px !important;}}<\/style>\");\r\n\t\t\t\t\t\t\t\t\t})(jQuery);\r\n\t\t\t\t\t\t\t\t<\/script><\/div><div class=\"dfd-spacer-module\"  data-units=\"px\" data-wide_resolution=\"1280\" data-wide_size=\"55\" data-normal_resolution=\"1024\" data-normal_size=\"53\" data-tablet_resolution=\"800\" data-tablet_size=\"52\" data-mobile_resolution=\"480\" data-mobile_size=\"55\" style=\"height: 55px;\"><\/div><!-- The Grid Plugin Version 2.7.9.1 --><!-- The Grid Wrapper Start --><div class=\"tg-grid-wrapper tg-txt\" id=\"grid-4171\" data-version=\"2.7.9.1\"><!-- The Grid Styles --><style class=\"tg-grid-styles\" type=\"text\/css\" scoped>#grid-4171 .tg-nav-color:not(.dots):not(.tg-dropdown-value):not(.tg-dropdown-title):hover,#grid-4171 .tg-nav-color:hover .tg-nav-color,#grid-4171 .tg-page-number.tg-page-current,#grid-4171 .tg-filter.tg-filter-active span{color:#ff6863}#grid-4171 .tg-filter:before,#grid-4171 .tg-filter.tg-filter-active:before{color:#999999}#grid-4171 .tg-dropdown-holder,#grid-4171 .tg-search-inner,#grid-4171 .tg-sorter-order{border:1px solid #DDDDDD}#grid-4171 .tg-search-clear,#grid-4171 .tg-search-clear:hover{border:none;border-left:1px solid #DDDDDD}.tg-txt .tg-nav-font,.tg-txt input[type=text].tg-search{font-size:14px;font-weight:600}.tg-txt .tg-search::-webkit-input-placeholder{font-size:14px}.tg-txt .tg-search::-moz-placeholder{font-size:14px}.tg-txt .tg-search:-ms-input-placeholder{font-size:14px}.tg-txt .tg-icon-left-arrow:before{content:\"\\e604\";font-size:32px;font-weight:100}.tg-txt .tg-icon-right-arrow:before{content:\"\\e602\";font-size:32px;font-weight:100}.tg-txt .tg-icon-dropdown-open:before,.tg-txt .tg-icon-sorter-down:before{content:\"\\e60a\"}.tg-txt .tg-icon-sorter-up:before{content:\"\\e609\"}.tg-txt .tg-search-clear:before{content:\"\\e611\";font-weight:300}.tg-txt .tg-search-icon:before{content:\"\\e62e\";font-size:16px;font-weight:600}#grid-4171 .tg-nav-color,#grid-4171 .tg-search-icon:hover:before,#grid-4171 .tg-search-icon:hover input,#grid-4171 .tg-disabled:hover .tg-icon-left-arrow,#grid-4171 .tg-disabled:hover .tg-icon-right-arrow,#grid-4171 .tg-dropdown-title.tg-nav-color:hover{color:#999999}#grid-4171 input.tg-search:hover{color:#999999 !important}#grid-4171 input.tg-search::-webkit-input-placeholder{color:#999999}#grid-4171 input.tg-search::-moz-placeholder{color:#999999;opacity:1}#grid-4171 input.tg-search:-ms-input-placeholder{color:#999999}.grid-4171 .tg-dropdown-item{color:#777777;background:#ffffff}.grid-4171 .tg-filter-active,.grid-4171 .tg-dropdown-item:hover{color:#444444;background:#f5f6fa}#grid-4171 .tg-slider-bullets li.tg-active-item span{background:#209ecc}#grid-4171 .tg-slider-bullets li span{background:#DDDDDD}#grid-4171 .tg-grid-area-bottom1{text-align:center}.tg-kampala-gaspar a:not([class*=\"tg-element-\"]),.tg-kampala-gaspar a:not([class*=\"tg-element-\"]):active,.tg-kampala-gaspar a:not([class*=\"tg-element-\"]):focus,.tg-kampala-gaspar [class*=\"tg-element-\"] *:not(del){margin:0;padding:0;color:inherit !important;text-align:inherit;font-size:inherit;font-style:inherit;line-height:inherit;font-weight:inherit;text-transform:inherit;text-decoration:inherit;-webkit-box-shadow:none;box-shadow:none;border:none}.tg-kampala-gaspar [class*=\"tg-element-\"],.tg-kampala-gaspar .tg-item-overlay,.tg-kampala-gaspar .tg-center-holder,.tg-kampala-gaspar .tg-center-inner > *{vertical-align:middle}.tg-kampala-gaspar .tg-item-content-holder[data-position=\"bottom\"]{text-align:left;background-color:#f7f7f7 !important;position:relative;min-height:1px;display:block;padding:20px 15px 25px 5px}.tg-kampala-gaspar div.tg-item-media-content{text-align:center}.tg-kampala-gaspar .tg-element-3{position:relative;font-size:13px;line-height:16px;font-weight:500;text-transform:uppercase;text-align:left;display:block}.tg-kampala-gaspar .tg-element-4{position:relative;font-size:28px;line-height:32px;color:#41b6e6 !important;font-weight:600;text-transform:none;text-align:left;display:block;margin:10px 0 0 !important;padding:0}.tg-kampala-gaspar .tg-element-5{position:relative;clear:both;font-size:16px;line-height:22px;font-weight:300;text-align:left;display:block;margin:15px 0 5px !important;padding:0}.font-upg{font-family:GellixBold}.tg-item .tg-item-title{hyphens:none!important}.tg-item .tg-item-title a{hyphens:none!important}.tg-item .tg-dark div,.tg-item .tg-dark h1,.tg-item .tg-dark h1 a,.tg-item .tg-dark h2,.tg-item .tg-dark h2 a,.tg-item .tg-dark h3,.tg-item .tg-dark h3 a,.tg-item .tg-dark h4,.tg-item .tg-dark h4 a,.tg-item .tg-dark h5,.tg-item .tg-dark h5 a,.tg-item .tg-dark h6,.tg-item .tg-dark h6 a,.tg-item .tg-dark a,.tg-item .tg-dark a.tg-link-url,.tg-item .tg-dark i,.tg-item .tg-dark .tg-media-button,.tg-item .tg-dark .tg-item-price span{color:#444444;fill:#444444;stroke:#444444;border-color:#444444}.tg-item .tg-dark p,.tg-item .tg-dark ol,.tg-item .tg-dark ul,.tg-item .tg-dark li{color:#777777;fill:#777777;stroke:#777777;border-color:#777777}.tg-item .tg-dark span,.tg-item .tg-dark .no-liked .to-heart-icon path,.tg-item .tg-dark .empty-heart .to-heart-icon path,.tg-item .tg-dark .tg-item-comment i,.tg-item .tg-dark .tg-item-price del span{color:#999999;fill:#999999;stroke:#999999;border-color:#999999}.tg-item .tg-light div,.tg-item .tg-light h1,.tg-item .tg-light h1 a,.tg-item .tg-light h2,.tg-item .tg-light h2 a,.tg-item .tg-light h3,.tg-item .tg-light h3 a,.tg-item .tg-light h4,.tg-item .tg-light h4 a,.tg-item .tg-light h5,.tg-item .tg-light h5 a,.tg-item .tg-light h6,.tg-item .tg-light h6 a,.tg-item .tg-light a,.tg-item .tg-light a.tg-link-url,.tg-item .tg-light i,.tg-item .tg-light .tg-media-button,.tg-item .tg-light .tg-item-price span{color:#ffffff;fill:#ffffff;stroke:#ffffff;border-color:#ffffff}.tg-item .tg-light p,.tg-item .tg-light ol,.tg-item .tg-light ul,.tg-item .tg-light li{color:#f5f5f5;fill:#f5f5f5;stroke:#f5f5f5;border-color:#f5f5f5}.tg-item .tg-light span,.tg-item .tg-light .no-liked .to-heart-icon path,.tg-item .tg-light .empty-heart .to-heart-icon path,.tg-item .tg-light .tg-item-comment i,.tg-item .tg-light .tg-item-price del span{color:#f6f6f6;fill:#f6f6f6;stroke:#f6f6f6;border-color:#f6f6f6}#grid-4171 .tg-item-content-holder{background-color:#ffffff}#grid-4171 .tg-item-overlay{background-color:rgba(22,22,22,0.65)}<\/style><!-- The Grid Item Sizer --><div class=\"tg-grid-sizer\"><\/div><!-- The Grid Gutter Sizer --><div class=\"tg-gutter-sizer\"><\/div><!-- The Grid Items Holder --><div class=\"tg-grid-holder tg-layout-masonry\"  data-name=\"Not\u00edcias P\u00e1gina EN\"  data-style=\"masonry\" data-row=\"1\" data-layout=\"vertical\" data-rtl=\"\" data-fitrows=\"1\" data-filtercomb=\"\" data-filterlogic=\"AND\" data-filterload =\"\" data-sortbyload =\"\" data-orderload =\"false\" data-fullwidth=\"\" data-fullheight=\"null\" data-gutters=\"[[320,35],[480,35],[768,35],[980,35],[1200,35],[9999,35]]\" data-slider='{\"itemNav\":\"null\",\"swingSpeed\":0.1,\"cycleBy\":\"null\",\"cycle\":5000,\"startAt\":1}' data-ratio=\"1.00\" data-cols=\"[[320,1],[480,1],[768,2],[980,2],[1200,3],[9999,3]]\" data-rows=\"[[320,200],[480,200],[768,220],[980,220],[1200,240],[9999,240]]\" data-animation='{&quot;name&quot;:&quot;Fade in&quot;,&quot;visible&quot;:&quot;&quot;,&quot;hidden&quot;:&quot;&quot;}' data-transition=\"700ms\" data-ajaxmethod=\"\" data-ajaxdelay=\"100\" data-preloader=\"\" data-itemdelay=\"100\" data-gallery=\"\" data-ajax=\"\"><!-- The Grid item #1 --><article class=\"tg-item tg-post-4886 tg-kampala-gaspar f41\" data-row=\"1\" data-col=\"1\"><div class=\"tg-item-inner\"><div class=\"tg-item-media-holder tg-light\"><div class=\"tg-item-media-inner\"><img decoding=\"async\" class=\"tg-item-image\" alt=\"Festas Felizes\" width=\"500\" height=\"500\" src=\"https:\/\/gaspar.com.pt\/wp-content\/uploads\/2022\/12\/GASPAR-NATAL-2022_01-Post-Natal-500x500.png\"><\/div><div class=\"tg-item-media-content \"><\/div><\/div><div class=\"tg-item-content-holder tg-dark image-format\" data-position=\"bottom\"><span class=\"tg-item-date tg-element-3 font-upg\">9 de December, 2022<\/span><h2 class=\"tg-item-title tg-element-4 font-upg\"><a target=\"_self\" href=\"https:\/\/gaspar.com.pt\/en\/merry-christmas-and-a-new-year-full-of-hope\/\">Merry Christmas and a New Year full of hope!<\/a><\/h2><p class=\"tg-item-excerpt tg-element-5 font-upg\"><a target=\"_self\" href=\"https:\/\/gaspar.com.pt\/en\/merry-christmas-and-a-new-year-full-of-hope\/\">We have been moving for over 50 years, for people and cities! As you will have realized throughout this year, stopping is not in our plans, now we are GASPAR...<\/a><\/p><div class=\"tg-item-clear\"><\/div><\/div><\/div><\/article><!-- The Grid item #2 --><article class=\"tg-item tg-post-4147 tg-kampala-gaspar f41\" data-row=\"1\" data-col=\"1\"><div class=\"tg-item-inner\"><div class=\"tg-item-media-holder tg-light\"><div class=\"tg-item-media-inner\"><img decoding=\"async\" class=\"tg-item-image\" alt=\"\" width=\"500\" height=\"500\" src=\"https:\/\/gaspar.com.pt\/wp-content\/uploads\/2022\/05\/Noticia_NOVO-CICLO_01-A-500x500.jpg\"><\/div><div class=\"tg-item-media-content \"><\/div><\/div><div class=\"tg-item-content-holder tg-dark image-format\" data-position=\"bottom\"><span class=\"tg-item-date tg-element-3 font-upg\">16 de May, 2022<\/span><h2 class=\"tg-item-title tg-element-4 font-upg\"><a target=\"_self\" href=\"https:\/\/gaspar.com.pt\/en\/a-new-cycle-message-from-the-ceo\/\">A New Cycle- Message from the CEO<\/a><\/h2><p class=\"tg-item-excerpt tg-element-5 font-upg\"><a target=\"_self\" href=\"https:\/\/gaspar.com.pt\/en\/a-new-cycle-message-from-the-ceo\/\">This message is, above all, a testimony and a tribute to our founder, Eng. Fernando L. Gaspar. It is a tribute of mine, but also of all those who made...<\/a><\/p><div class=\"tg-item-clear\"><\/div><\/div><\/div><\/article><!-- The Grid item #3 --><article class=\"tg-item tg-post-4154 tg-kampala-gaspar f41\" data-row=\"1\" data-col=\"1\"><div class=\"tg-item-inner\"><div class=\"tg-item-media-holder tg-light\"><div class=\"tg-item-media-inner\"><img decoding=\"async\" class=\"tg-item-image\" alt=\"\" width=\"500\" height=\"500\" src=\"https:\/\/gaspar.com.pt\/wp-content\/uploads\/2022\/03\/1649880486335-500x500.jpeg\"><\/div><div class=\"tg-item-media-content \"><\/div><\/div><div class=\"tg-item-content-holder tg-dark image-format\" data-position=\"bottom\"><span class=\"tg-item-date tg-element-3 font-upg\">4 de March, 2022<\/span><h2 class=\"tg-item-title tg-element-4 font-upg\"><a target=\"_self\" href=\"https:\/\/gaspar.com.pt\/en\/free-online-information-safety-standards\/\">Free Online (In)Formation &#8211; Safety standards<\/a><\/h2><p class=\"tg-item-excerpt tg-element-5 font-upg\"><a target=\"_self\" href=\"https:\/\/gaspar.com.pt\/en\/free-online-information-safety-standards\/\">To promote quality of life, we develop playground solutions for all, in open access areas of cities. We work side by side with planners and managing entities in the design,...<\/a><\/p><div class=\"tg-item-clear\"><\/div><\/div><\/div><\/article><!-- The Grid item #4 --><article class=\"tg-item tg-post-4159 tg-kampala-gaspar f41\" data-row=\"1\" data-col=\"1\"><div class=\"tg-item-inner\"><div class=\"tg-item-media-holder tg-light\"><div class=\"tg-item-media-inner\"><img decoding=\"async\" class=\"tg-item-image\" alt=\"\" width=\"500\" height=\"500\" src=\"https:\/\/gaspar.com.pt\/wp-content\/uploads\/2022\/03\/1648734967210-500x500.jpeg\"><\/div><div class=\"tg-item-media-content \"><\/div><\/div><div class=\"tg-item-content-holder tg-dark image-format\" data-position=\"bottom\"><span class=\"tg-item-date tg-element-3 font-upg\">4 de March, 2022<\/span><h2 class=\"tg-item-title tg-element-4 font-upg\"><a target=\"_self\" href=\"https:\/\/gaspar.com.pt\/en\/intertraffic-amsterdam\/\">Intertraffic Amsterdam<\/a><\/h2><p class=\"tg-item-excerpt tg-element-5 font-upg\"><a target=\"_self\" href=\"https:\/\/gaspar.com.pt\/en\/intertraffic-amsterdam\/\">Contribuir para o futuro das Cidades Portuguesas, como das restantes comunidades respons\u00e1veis a n\u00edvel mundial, exige apostar em solu\u00e7\u00f5es eficientes, inteligentes e seguras....<\/a><\/p><div class=\"tg-item-clear\"><\/div><\/div><\/div><\/article><!-- The Grid item #5 --><article class=\"tg-item tg-post-4163 tg-kampala-gaspar f41\" data-row=\"1\" data-col=\"1\"><div class=\"tg-item-inner\"><div class=\"tg-item-media-holder tg-light\"><div class=\"tg-item-media-inner\"><img decoding=\"async\" class=\"tg-item-image\" alt=\"\" width=\"500\" height=\"492\" src=\"https:\/\/gaspar.com.pt\/wp-content\/uploads\/2022\/03\/JFPN-500x492.jpg\"><\/div><div class=\"tg-item-media-content \"><\/div><\/div><div class=\"tg-item-content-holder tg-dark image-format\" data-position=\"bottom\"><span class=\"tg-item-date tg-element-3 font-upg\">4 de March, 2022<\/span><h2 class=\"tg-item-title tg-element-4 font-upg\"><a target=\"_self\" href=\"https:\/\/gaspar.com.pt\/en\/parque-de-recreios-sul-j-f-parque-das-nacoes\/\">Parque de Recreios Sul &#8211; J.F. Parque das Na\u00e7\u00f5es<\/a><\/h2><p class=\"tg-item-excerpt tg-element-5 font-upg\"><a target=\"_self\" href=\"https:\/\/gaspar.com.pt\/en\/parque-de-recreios-sul-j-f-parque-das-nacoes\/\">The Community Dreamed, the Parish Council of Parque das Na\u00e7\u00f5es idealized and Gaspar conceived. When you put together a team like this, the Dream comes true! The community, starting with...<\/a><\/p><div class=\"tg-item-clear\"><\/div><\/div><\/div><\/article><\/div><\/div><!-- The Grid Wrapper End -->[\/vc_column][\/vc_row]<\/p>\n","protected":false},"excerpt":{"rendered":"<p>[vc_row dfd_row_config=&#8221;full_width_content&#8221;][vc_column column_bg_position=&#8221;center center&#8221; column_bg_repeat=&#8221;no-repeat&#8221; css=&#8221;.vc_custom_1657727511851{background-image: url(https:\/\/gaspar.com.pt\/wp-content\/uploads\/2022\/03\/Contacts_Header.jpg?id=1496) !important;background-position: center !important;background-repeat: no-repeat !important;background-size: cover !important;}&#8221; col_shadow=&#8221;box_shadow_enable:disable|shadow_horizontal:0|shadow_vertical:15|shadow_blur:50|shadow_spread:0|box_shadow_color:rgba(0%2C0%2C0%2C.35)&#8221; col_shadow_hover=&#8221;box_shadow_enable:disable|shadow_horizontal:0|shadow_vertical:15|shadow_blur:50|shadow_spread:0|box_shadow_color:rgba(0%2C0%2C0%2C.35)&#8221;][\/vc_column][\/vc_row][vc_row full_width=&#8221;stretch_row&#8221; equal_height=&#8221;yes&#8221; content_placement=&#8221;top&#8221; css=&#8221;.vc_custom_1657727897976{background-color: #f7f7f7 !important;}&#8221;][vc_column alignment=&#8221;left&#8221; css=&#8221;.vc_custom_1657727821412{padding-bottom: 6% !important;background-position: center !important;background-repeat: no-repeat !important;background-size:<\/p>\n","protected":false},"author":1,"featured_media":0,"parent":0,"menu_order":0,"comment_status":"closed","ping_status":"closed","template":"page-custom.php","meta":{"_acf_changed":false,"inline_featured_image":false,"footnotes":""},"class_list":["post-4150","page","type-page","status-publish","hentry"],"acf":[],"yoast_head":"<!-- This site is optimized with the Yoast SEO plugin v27.4 - https:\/\/yoast.com\/product\/yoast-seo-wordpress\/ -->\n<title>News - Gaspar<\/title>\n<meta name=\"robots\" content=\"index, follow, max-snippet:-1, max-image-preview:large, max-video-preview:-1\" \/>\n<link rel=\"canonical\" href=\"https:\/\/gaspar.com.pt\/en\/news\/\" \/>\n<meta property=\"og:locale\" content=\"en_US\" \/>\n<meta property=\"og:type\" content=\"article\" \/>\n<meta property=\"og:title\" content=\"News - Gaspar\" \/>\n<meta property=\"og:description\" content=\"[vc_row dfd_row_config=&#8221;full_width_content&#8221;][vc_column column_bg_position=&#8221;center center&#8221; column_bg_repeat=&#8221;no-repeat&#8221; css=&#8221;.vc_custom_1657727511851{background-image: url(https:\/\/gaspar.com.pt\/wp-content\/uploads\/2022\/03\/Contacts_Header.jpg?id=1496) !important;background-position: center !important;background-repeat: no-repeat !important;background-size: cover !important;}&#8221; col_shadow=&#8221;box_shadow_enable:disable|shadow_horizontal:0|shadow_vertical:15|shadow_blur:50|shadow_spread:0|box_shadow_color:rgba(0%2C0%2C0%2C.35)&#8221; col_shadow_hover=&#8221;box_shadow_enable:disable|shadow_horizontal:0|shadow_vertical:15|shadow_blur:50|shadow_spread:0|box_shadow_color:rgba(0%2C0%2C0%2C.35)&#8221;][\/vc_column][\/vc_row][vc_row full_width=&#8221;stretch_row&#8221; equal_height=&#8221;yes&#8221; content_placement=&#8221;top&#8221; css=&#8221;.vc_custom_1657727897976{background-color: #f7f7f7 !important;}&#8221;][vc_column alignment=&#8221;left&#8221; css=&#8221;.vc_custom_1657727821412{padding-bottom: 6% !important;background-position: center !important;background-repeat: no-repeat !important;background-size:\" \/>\n<meta property=\"og:url\" content=\"https:\/\/gaspar.com.pt\/en\/news\/\" \/>\n<meta property=\"og:site_name\" content=\"Gaspar\" \/>\n<meta property=\"article:modified_time\" content=\"2022-08-30T15:08:44+00:00\" \/>\n<meta name=\"twitter:card\" content=\"summary_large_image\" \/>\n<meta name=\"twitter:label1\" content=\"Est. reading time\" \/>\n\t<meta name=\"twitter:data1\" content=\"1 minute\" \/>\n<script type=\"application\/ld+json\" class=\"yoast-schema-graph\">{\"@context\":\"https:\\\/\\\/schema.org\",\"@graph\":[{\"@type\":\"WebPage\",\"@id\":\"https:\\\/\\\/gaspar.com.pt\\\/en\\\/news\\\/\",\"url\":\"https:\\\/\\\/gaspar.com.pt\\\/en\\\/news\\\/\",\"name\":\"News - Gaspar\",\"isPartOf\":{\"@id\":\"https:\\\/\\\/gaspar.com.pt\\\/en\\\/#website\"},\"datePublished\":\"2022-07-13T15:51:51+00:00\",\"dateModified\":\"2022-08-30T15:08:44+00:00\",\"breadcrumb\":{\"@id\":\"https:\\\/\\\/gaspar.com.pt\\\/en\\\/news\\\/#breadcrumb\"},\"inLanguage\":\"en-US\",\"potentialAction\":[{\"@type\":\"ReadAction\",\"target\":[\"https:\\\/\\\/gaspar.com.pt\\\/en\\\/news\\\/\"]}]},{\"@type\":\"BreadcrumbList\",\"@id\":\"https:\\\/\\\/gaspar.com.pt\\\/en\\\/news\\\/#breadcrumb\",\"itemListElement\":[{\"@type\":\"ListItem\",\"position\":1,\"name\":\"In\u00edcio\",\"item\":\"https:\\\/\\\/gaspar.com.pt\\\/en\\\/\"},{\"@type\":\"ListItem\",\"position\":2,\"name\":\"News\"}]},{\"@type\":\"WebSite\",\"@id\":\"https:\\\/\\\/gaspar.com.pt\\\/en\\\/#website\",\"url\":\"https:\\\/\\\/gaspar.com.pt\\\/en\\\/\",\"name\":\"Gaspar\",\"description\":\"Cities moving forward\",\"potentialAction\":[{\"@type\":\"SearchAction\",\"target\":{\"@type\":\"EntryPoint\",\"urlTemplate\":\"https:\\\/\\\/gaspar.com.pt\\\/en\\\/?s={search_term_string}\"},\"query-input\":{\"@type\":\"PropertyValueSpecification\",\"valueRequired\":true,\"valueName\":\"search_term_string\"}}],\"inLanguage\":\"en-US\"}]}<\/script>\n<!-- \/ Yoast SEO plugin. -->","yoast_head_json":{"title":"News - Gaspar","robots":{"index":"index","follow":"follow","max-snippet":"max-snippet:-1","max-image-preview":"max-image-preview:large","max-video-preview":"max-video-preview:-1"},"canonical":"https:\/\/gaspar.com.pt\/en\/news\/","og_locale":"en_US","og_type":"article","og_title":"News - Gaspar","og_description":"[vc_row dfd_row_config=&#8221;full_width_content&#8221;][vc_column column_bg_position=&#8221;center center&#8221; column_bg_repeat=&#8221;no-repeat&#8221; css=&#8221;.vc_custom_1657727511851{background-image: url(https:\/\/gaspar.com.pt\/wp-content\/uploads\/2022\/03\/Contacts_Header.jpg?id=1496) !important;background-position: center !important;background-repeat: no-repeat !important;background-size: cover !important;}&#8221; col_shadow=&#8221;box_shadow_enable:disable|shadow_horizontal:0|shadow_vertical:15|shadow_blur:50|shadow_spread:0|box_shadow_color:rgba(0%2C0%2C0%2C.35)&#8221; col_shadow_hover=&#8221;box_shadow_enable:disable|shadow_horizontal:0|shadow_vertical:15|shadow_blur:50|shadow_spread:0|box_shadow_color:rgba(0%2C0%2C0%2C.35)&#8221;][\/vc_column][\/vc_row][vc_row full_width=&#8221;stretch_row&#8221; equal_height=&#8221;yes&#8221; content_placement=&#8221;top&#8221; css=&#8221;.vc_custom_1657727897976{background-color: #f7f7f7 !important;}&#8221;][vc_column alignment=&#8221;left&#8221; css=&#8221;.vc_custom_1657727821412{padding-bottom: 6% !important;background-position: center !important;background-repeat: no-repeat !important;background-size:","og_url":"https:\/\/gaspar.com.pt\/en\/news\/","og_site_name":"Gaspar","article_modified_time":"2022-08-30T15:08:44+00:00","twitter_card":"summary_large_image","twitter_misc":{"Est. reading time":"1 minute"},"schema":{"@context":"https:\/\/schema.org","@graph":[{"@type":"WebPage","@id":"https:\/\/gaspar.com.pt\/en\/news\/","url":"https:\/\/gaspar.com.pt\/en\/news\/","name":"News - Gaspar","isPartOf":{"@id":"https:\/\/gaspar.com.pt\/en\/#website"},"datePublished":"2022-07-13T15:51:51+00:00","dateModified":"2022-08-30T15:08:44+00:00","breadcrumb":{"@id":"https:\/\/gaspar.com.pt\/en\/news\/#breadcrumb"},"inLanguage":"en-US","potentialAction":[{"@type":"ReadAction","target":["https:\/\/gaspar.com.pt\/en\/news\/"]}]},{"@type":"BreadcrumbList","@id":"https:\/\/gaspar.com.pt\/en\/news\/#breadcrumb","itemListElement":[{"@type":"ListItem","position":1,"name":"In\u00edcio","item":"https:\/\/gaspar.com.pt\/en\/"},{"@type":"ListItem","position":2,"name":"News"}]},{"@type":"WebSite","@id":"https:\/\/gaspar.com.pt\/en\/#website","url":"https:\/\/gaspar.com.pt\/en\/","name":"Gaspar","description":"Cities moving forward","potentialAction":[{"@type":"SearchAction","target":{"@type":"EntryPoint","urlTemplate":"https:\/\/gaspar.com.pt\/en\/?s={search_term_string}"},"query-input":{"@type":"PropertyValueSpecification","valueRequired":true,"valueName":"search_term_string"}}],"inLanguage":"en-US"}]}},"_links":{"self":[{"href":"https:\/\/gaspar.com.pt\/en\/wp-json\/wp\/v2\/pages\/4150","targetHints":{"allow":["GET"]}}],"collection":[{"href":"https:\/\/gaspar.com.pt\/en\/wp-json\/wp\/v2\/pages"}],"about":[{"href":"https:\/\/gaspar.com.pt\/en\/wp-json\/wp\/v2\/types\/page"}],"author":[{"embeddable":true,"href":"https:\/\/gaspar.com.pt\/en\/wp-json\/wp\/v2\/users\/1"}],"replies":[{"embeddable":true,"href":"https:\/\/gaspar.com.pt\/en\/wp-json\/wp\/v2\/comments?post=4150"}],"version-history":[{"count":3,"href":"https:\/\/gaspar.com.pt\/en\/wp-json\/wp\/v2\/pages\/4150\/revisions"}],"predecessor-version":[{"id":4172,"href":"https:\/\/gaspar.com.pt\/en\/wp-json\/wp\/v2\/pages\/4150\/revisions\/4172"}],"wp:attachment":[{"href":"https:\/\/gaspar.com.pt\/en\/wp-json\/wp\/v2\/media?parent=4150"}],"curies":[{"name":"wp","href":"https:\/\/api.w.org\/{rel}","templated":true}]}}