{"id":4120,"date":"2022-03-09T16:41:23","date_gmt":"2022-03-09T16:41:23","guid":{"rendered":"https:\/\/gaspar.com.pt\/?page_id=4120"},"modified":"2022-09-21T16:03:34","modified_gmt":"2022-09-21T16:03:34","slug":"footer_en","status":"publish","type":"page","link":"https:\/\/gaspar.com.pt\/en\/footer_en\/","title":{"rendered":"Footer_en"},"content":{"rendered":"<p>[vc_row][vc_column width=&#8221;1\/4&#8243;]<div class=\"dfd-spacer-module\"  data-units=\"px\" data-wide_resolution=\"1280\" data-wide_size=\"55\" data-normal_resolution=\"1024\" data-normal_size=\"55\" data-tablet_resolution=\"800\" data-tablet_size=\"55\" data-mobile_resolution=\"480\" data-mobile_size=\"55\" style=\"height: 55px;\"><\/div>[vc_column_text]<span style=\"color: #575757;\"><strong>Solutions<\/strong><\/span><\/p>\n<p><a href=\"https:\/\/gaspar.com.pt\/en\/road-signaling\/\"><span style=\"color: #999999;\">Road Signaling<\/span><\/a><br \/>\n<a href=\"https:\/\/gaspar.com.pt\/en\/road-safety\/\"><span style=\"color: #999999;\">Road Safety<\/span><\/a><\/p>\n<p><a href=\"https:\/\/gaspar.com.pt\/en\/urban-playground\/\"><span style=\"color: #999999;\">Urban Playground<\/span><\/a><br \/>\n<a href=\"https:\/\/gaspar.com.pt\/en\/outdoor-fitness\/\"><span style=\"color: #999999;\">Outdoor Fitness<\/span><\/a><br \/>\n<a href=\"https:\/\/gaspar.com.pt\/en\/skatepark\/\"><span style=\"color: #999999;\">Skatepark<\/span><\/a><\/p>\n<p><a href=\"https:\/\/gaspar.com.pt\/en\/vehicle-behavior\/\"><span style=\"color: #999999;\">Vehicle behavior<\/span><\/a><br \/>\n<a href=\"https:\/\/gaspar.com.pt\/en\/enforcement\/\"><span style=\"color: #999999;\">Enforcement<\/span><\/a><br \/>\n<a href=\"https:\/\/gaspar.com.pt\/en\/parking\/\"><span style=\"color: #999999;\">Parking<\/span><\/a><br \/>\n<a href=\"https:\/\/gaspar.com.pt\/en\/dynamic-signaling\/\"><span style=\"color: #999999;\">Dynamic Signaling<\/span><\/a><br \/>\n<a href=\"https:\/\/gaspar.com.pt\/en\/access-control\/\"><span style=\"color: #999999;\">Access Control<\/span><\/a><br \/>\n<a href=\"https:\/\/gaspar.com.pt\/en\/bike-sharing\/\"><span style=\"color: #999999;\">Bike Sharing<\/span><\/a><br \/>\n<a href=\"https:\/\/gaspar.com.pt\/en\/c-its\/\"><span style=\"color: #999999;\">C-ITS<\/span><\/a><\/p>\n<p><a href=\"https:\/\/gaspar.com.pt\/en\/Urban-furniture\/\"><span style=\"color: #999999;\">Intelligent Urban Furniture<\/span><\/a><br \/>\n<a href=\"https:\/\/gaspar.com.pt\/en\/environment-and-energy\/\"><span style=\"color: #999999;\">Environment and Energy<\/span><\/a><br \/>\n<a href=\"https:\/\/gaspar.com.pt\/en\/ecological-flooring\/\"><span style=\"color: #999999;\">Ecological Flooring<\/span><\/a>[\/vc_column_text]<div class=\"dfd-spacer-module\"  data-units=\"px\" data-wide_resolution=\"1280\" data-wide_size=\"55\" data-normal_resolution=\"1024\" data-normal_size=\"55\" data-tablet_resolution=\"800\" data-tablet_size=\"55\" data-mobile_resolution=\"480\" data-mobile_size=\"35\" style=\"height: 55px;\"><\/div>[\/vc_column][vc_column width=&#8221;1\/4&#8243;]<div class=\"dfd-spacer-module\"  data-units=\"px\" data-wide_resolution=\"1280\" data-wide_size=\"55\" data-normal_resolution=\"1024\" data-normal_size=\"55\" data-tablet_resolution=\"800\" data-tablet_size=\"55\" data-mobile_resolution=\"480\" data-mobile_size=\"55\" style=\"height: 55px;\"><\/div>[vc_column_text]<span style=\"color: #575757;\"><strong>Products<\/strong><\/span><\/p>\n<p><span style=\"color: #999999;\"><a style=\"color: #999999;\" href=\"https:\/\/gaspar.com.pt\/en\/products\/\">Road Signaling <\/a><\/span><br \/>\n<span style=\"color: #999999;\"><a style=\"color: #999999;\" href=\"https:\/\/gaspar.com.pt\/en\/products\/\">Road Marking <\/a><\/span><br \/>\n<span style=\"color: #999999;\"><a style=\"color: #999999;\" href=\"https:\/\/gaspar.com.pt\/en\/products\/\">Smart Bins <\/a><\/span><br \/>\n<span style=\"color: #999999;\"><a style=\"color: #999999;\" href=\"https:\/\/gaspar.com.pt\/en\/products\/\">Impact Attenuating Cork Flooring <\/a><\/span><br \/>\n<span style=\"color: #999999;\"><a style=\"color: #999999;\" href=\"https:\/\/gaspar.com.pt\/en\/products\/\">Kompan Playground <\/a><\/span><br \/>\n<span style=\"color: #999999;\"><a style=\"color: #999999;\" href=\"https:\/\/gaspar.com.pt\/en\/products\/\">Outdoor Gyms <\/a><\/span><br \/>\n<span style=\"color: #999999;\"><a style=\"color: #999999;\" href=\"https:\/\/gaspar.com.pt\/en\/products\/\">License Plate Recognition <\/a><\/span><br \/>\n<span style=\"color: #999999;\"><a style=\"color: #999999;\" href=\"https:\/\/gaspar.com.pt\/en\/products\/\">Variable Message Displays <\/a><\/span><\/p>\n<p><strong><span style=\"color: #999999;\"><a style=\"color: #999999;\" href=\"https:\/\/gaspar.com.pt\/en\/products\/\">View more<\/a><\/span><\/strong>[\/vc_column_text]<div class=\"dfd-spacer-module\"  data-units=\"px\" data-wide_resolution=\"1280\" data-wide_size=\"55\" data-normal_resolution=\"1024\" data-normal_size=\"55\" data-tablet_resolution=\"800\" data-tablet_size=\"55\" data-mobile_resolution=\"480\" data-mobile_size=\"35\" style=\"height: 55px;\"><\/div>[\/vc_column][vc_column column_bg_check=&#8221;column-background-dark&#8221; width=&#8221;1\/4&#8243; col_shadow=&#8221;box_shadow_enable:disable|shadow_horizontal:0|shadow_vertical:15|shadow_blur:50|shadow_spread:0|box_shadow_color:rgba(0%2C0%2C0%2C.35)&#8221; col_shadow_hover=&#8221;box_shadow_enable:disable|shadow_horizontal:0|shadow_vertical:15|shadow_blur:50|shadow_spread:0|box_shadow_color:rgba(0%2C0%2C0%2C.35)&#8221;]<div class=\"dfd-spacer-module\"  data-units=\"px\" data-wide_resolution=\"1280\" data-wide_size=\"55\" data-normal_resolution=\"1024\" data-normal_size=\"55\" data-tablet_resolution=\"800\" data-tablet_size=\"55\" data-mobile_resolution=\"480\" data-mobile_size=\"55\" style=\"height: 55px;\"><\/div>[vc_column_text]<span style=\"color: #575757;\"><strong>Contacts<\/strong><\/span><\/p>\n<p><span style=\"color: #575757;\">Fernando L. Gaspar, S.A.<\/span><\/p>\n<p><span style=\"color: #999999;\">EN 249-4 Trajouce<\/span><br \/>\n<span style=\"color: #999999;\">2785-034 S\u00e3o Domingos de Rana<\/span><br \/>\n<span style=\"color: #999999;\">Cascais \u2013 Portugal<\/span><\/p>\n<p><span style=\"color: #999999;\">T \u2192 <a style=\"color: #999999;\" href=\"tel:+351214440706\">(+351) 214 440 706<\/a><\/span><br \/>\n<span style=\"color: #999999;\">F \u2192 <a style=\"color: #999999;\" href=\"tel:214441073\">(+351) 214 441 073<\/a><\/span><\/p>\n<p><a href=\"mailto:info@gaspar.com.pt\"><span style=\"color: #999999;\">info@gaspar.com.pt<\/span><\/a><\/p>\n<p><a href=\"https:\/\/www.google.com\/maps\/place\/Fernando+L+Gaspar,+S.A.\/@38.7410924,-9.3411101,17z\/data=!3m1!4b1!4m5!3m4!1s0xd1ecf1013e69f3d:0x941cc1d571294bd2!8m2!3d38.7410924!4d-9.3411101\" target=\"_blank\" rel=\"noopener\"><span style=\"color: #999999;\">38\u00b044\u201927.48\u2019\u2019N \/ 9\u00b020\u201928.10\u2019\u2019W<\/span><\/a>[\/vc_column_text]<div class=\"dfd-spacer-module\"  data-units=\"px\" data-wide_resolution=\"1280\" data-wide_size=\"25\" data-normal_resolution=\"1024\" data-normal_size=\"25\" data-tablet_resolution=\"800\" data-tablet_size=\"25\" data-mobile_resolution=\"480\" data-mobile_size=\"25\" style=\"height: 25px;\"><\/div>[vc_column_text]<span style=\"color: #999999;\">Alvar\u00e1 30817 &#8211; PUB<\/span>[\/vc_column_text]<div class=\"dfd-spacer-module\"  data-units=\"px\" data-wide_resolution=\"1280\" data-wide_size=\"55\" data-normal_resolution=\"1024\" data-normal_size=\"55\" data-tablet_resolution=\"800\" data-tablet_size=\"55\" data-mobile_resolution=\"480\" data-mobile_size=\"55\" style=\"height: 55px;\"><\/div><div id=\"dfd-soc-icon-69d7fb92163bc-4771\" class=\"dfd-new-soc-icon text-left style-7   \" ><div class=\"soc-icon-container clearfix\"><a href=\"https:\/\/www.linkedin.com\/company\/flgaspar\/\"  target=\"_blank\"  class=\"soc_icon-linkedin\"><i class=\"soc_icon-linkedin\"><\/i><\/a><a href=\"https:\/\/www.facebook.com\/gasparportugal\"  target=\"_blank\"  class=\"soc_icon-facebook\"><i class=\"soc_icon-facebook\"><\/i><\/a><a href=\"https:\/\/www.instagram.com\/flgasparpt\/?igshid=YmMyMTA2M2Y=\"  target=\"_blank\"  class=\"soc_icon-instagram\"><i class=\"soc_icon-instagram\"><\/i><\/a><a href=\"https:\/\/www.youtube.com\/channel\/UCcaka0acIHTbume-qEdkOrA\"  target=\"_blank\"  class=\"soc_icon-youtube\"><i class=\"soc_icon-youtube\"><\/i><\/a><\/div><\/div><script type=\"text\/javascript\">\r\n\t\t\t\t\t\t\t(function($) {\r\n\t\t\t\t\t\t\t\t$(\"head\").append(\"<style>#dfd-soc-icon-69d7fb92163bc-4771.dfd-new-soc-icon a {font-size: 14px; margin-right: 8px; }#dfd-soc-icon-69d7fb92163bc-4771.dfd-new-soc-icon a:before {}#dfd-soc-icon-69d7fb92163bc-4771.dfd-new-soc-icon a i {}<\/style>\");\r\n\t\t\t\t\t\t\t})(jQuery);\r\n\t\t\t\t\t\t<\/script>[\/vc_column][vc_column width=&#8221;1\/4&#8243;]<div class=\"dfd-spacer-module\"  data-units=\"px\" data-wide_resolution=\"1280\" data-wide_size=\"55\" data-normal_resolution=\"1024\" data-normal_size=\"55\" data-tablet_resolution=\"800\" data-tablet_size=\"55\" data-mobile_resolution=\"480\" data-mobile_size=\"55\" style=\"height: 55px;\"><\/div>[vc_single_image image=&#8221;745&#8243; img_size=&#8221;full&#8221;]<div class=\"dfd-spacer-module\"  data-units=\"px\" data-wide_resolution=\"1280\" data-wide_size=\"15\" data-normal_resolution=\"1024\" data-normal_size=\"15\" data-tablet_resolution=\"800\" data-tablet_size=\"15\" data-mobile_resolution=\"480\" data-mobile_size=\"25\" style=\"height: 15px;\"><\/div>[vc_single_image image=&#8221;744&#8243; img_size=&#8221;full&#8221;]<div class=\"dfd-spacer-module\"  data-units=\"px\" data-wide_resolution=\"1280\" data-wide_size=\"30\" data-normal_resolution=\"1024\" data-normal_size=\"30\" data-tablet_resolution=\"800\" data-tablet_size=\"30\" data-mobile_resolution=\"480\" data-mobile_size=\"30\" style=\"height: 30px;\"><\/div>[vc_single_image image=&#8221;3155&#8243; img_size=&#8221;200&#215;94&#8243;]<div class=\"dfd-spacer-module\"  data-units=\"px\" data-wide_resolution=\"1280\" data-wide_size=\"15\" data-normal_resolution=\"1024\" data-normal_size=\"15\" data-tablet_resolution=\"800\" data-tablet_size=\"15\" data-mobile_resolution=\"480\" data-mobile_size=\"15\" style=\"height: 15px;\"><\/div>[vc_single_image image=&#8221;3156&#8243; img_size=&#8221;199&#215;64&#8243; css=&#8221;.vc_custom_1657725193195{padding-right: 30% !important;}&#8221;]<div class=\"dfd-spacer-module\"  data-units=\"px\" data-wide_resolution=\"1280\" data-wide_size=\"15\" data-normal_resolution=\"1024\" data-normal_size=\"15\" data-tablet_resolution=\"800\" data-tablet_size=\"15\" data-mobile_resolution=\"480\" data-mobile_size=\"15\" style=\"height: 15px;\"><\/div>[vc_column_text]<span style=\"color: #999999;\"><span style=\"color: #ffffff;\"> <a style=\"color: #ffffff;\" href=\"\/marcacao-ce\/\" target=\"_blank\" rel=\"noopener\">Marca\u00e7\u00e3o CE<\/a> <\/span> e Selo Portugal Sou Eu aplic\u00e1veis apenas \u00e0 Sinaliza\u00e7\u00e3o Rodovi\u00e1ria Vertical[\/vc_column_text]<div class=\"dfd-spacer-module\"  data-units=\"px\" data-wide_resolution=\"1280\" data-wide_size=\"15\" data-normal_resolution=\"1024\" data-normal_size=\"15\" data-tablet_resolution=\"800\" data-tablet_size=\"15\" data-mobile_resolution=\"480\" data-mobile_size=\"15\" style=\"height: 15px;\"><\/div>[vc_column_text]<span style=\"color: #999999;\"><a style=\"color: #999999;\" href=\"\/termos-e-condicoes\/\">Terms and conditions<\/a><\/span><\/span><\/p>\n<p><span style=\"color: #999999;\"><a style=\"color: #999999;\" href=\"\/politica-de-privacidade-e-protecao-de-dados-pessoais\/\">Privacy Policy<\/a><\/span><\/p>\n<p><span style=\"color: #999999;\"><a style=\"color: #999999;\" href=\"\/politica-da-qualidade-e-ambiente\/\">Quality and environment policy<\/a><\/span>[\/vc_column_text]<div class=\"dfd-spacer-module\"  data-units=\"px\" data-wide_resolution=\"1280\" data-wide_size=\"55\" data-normal_resolution=\"1024\" data-normal_size=\"55\" data-tablet_resolution=\"800\" data-tablet_size=\"55\" data-mobile_resolution=\"480\" data-mobile_size=\"55\" style=\"height: 55px;\"><\/div>[\/vc_column][\/vc_row][vc_row][vc_column][vc_column_text][\/vc_column_text][\/vc_column][\/vc_row]<\/p>\n","protected":false},"excerpt":{"rendered":"<p>[vc_row][vc_column width=&#8221;1\/4&#8243;][vc_column_text]Solutions Road Signaling Road Safety Urban Playground Outdoor Fitness Skatepark Vehicle behavior Enforcement Parking Dynamic Signaling Access Control Bike Sharing C-ITS Intelligent Urban Furniture Environment and Energy Ecological Flooring[\/vc_column_text][\/vc_column][vc_column<\/p>\n","protected":false},"author":1,"featured_media":0,"parent":0,"menu_order":0,"comment_status":"closed","ping_status":"closed","template":"","meta":{"_acf_changed":false,"inline_featured_image":false,"footnotes":""},"class_list":["post-4120","page","type-page","status-publish","hentry"],"acf":[],"yoast_head":"<!-- This site is optimized with the Yoast SEO plugin v27.3 - https:\/\/yoast.com\/product\/yoast-seo-wordpress\/ -->\n<title>Footer_en - Gaspar<\/title>\n<meta name=\"robots\" content=\"index, follow, max-snippet:-1, max-image-preview:large, max-video-preview:-1\" \/>\n<link rel=\"canonical\" href=\"https:\/\/gaspar.com.pt\/en\/footer_en\/\" \/>\n<meta property=\"og:locale\" content=\"en_US\" \/>\n<meta property=\"og:type\" content=\"article\" \/>\n<meta property=\"og:title\" content=\"Footer_en - Gaspar\" \/>\n<meta property=\"og:description\" content=\"[vc_row][vc_column width=&#8221;1\/4&#8243;][vc_column_text]Solutions Road Signaling Road Safety Urban Playground Outdoor Fitness Skatepark Vehicle behavior Enforcement Parking Dynamic Signaling Access Control Bike Sharing C-ITS Intelligent Urban Furniture Environment and Energy Ecological Flooring[\/vc_column_text][\/vc_column][vc_column\" \/>\n<meta property=\"og:url\" content=\"https:\/\/gaspar.com.pt\/en\/footer_en\/\" \/>\n<meta property=\"og:site_name\" content=\"Gaspar\" \/>\n<meta property=\"article:modified_time\" content=\"2022-09-21T16:03:34+00:00\" \/>\n<meta name=\"twitter:card\" content=\"summary_large_image\" \/>\n<meta name=\"twitter:label1\" content=\"Est. reading time\" \/>\n\t<meta name=\"twitter:data1\" content=\"2 minutes\" \/>\n<script type=\"application\/ld+json\" class=\"yoast-schema-graph\">{\"@context\":\"https:\\\/\\\/schema.org\",\"@graph\":[{\"@type\":\"WebPage\",\"@id\":\"https:\\\/\\\/gaspar.com.pt\\\/en\\\/footer_en\\\/\",\"url\":\"https:\\\/\\\/gaspar.com.pt\\\/en\\\/footer_en\\\/\",\"name\":\"Footer_en - Gaspar\",\"isPartOf\":{\"@id\":\"https:\\\/\\\/gaspar.com.pt\\\/en\\\/#website\"},\"datePublished\":\"2022-03-09T16:41:23+00:00\",\"dateModified\":\"2022-09-21T16:03:34+00:00\",\"breadcrumb\":{\"@id\":\"https:\\\/\\\/gaspar.com.pt\\\/en\\\/footer_en\\\/#breadcrumb\"},\"inLanguage\":\"en-US\",\"potentialAction\":[{\"@type\":\"ReadAction\",\"target\":[\"https:\\\/\\\/gaspar.com.pt\\\/en\\\/footer_en\\\/\"]}]},{\"@type\":\"BreadcrumbList\",\"@id\":\"https:\\\/\\\/gaspar.com.pt\\\/en\\\/footer_en\\\/#breadcrumb\",\"itemListElement\":[{\"@type\":\"ListItem\",\"position\":1,\"name\":\"In\u00edcio\",\"item\":\"https:\\\/\\\/gaspar.com.pt\\\/en\\\/\"},{\"@type\":\"ListItem\",\"position\":2,\"name\":\"Footer_en\"}]},{\"@type\":\"WebSite\",\"@id\":\"https:\\\/\\\/gaspar.com.pt\\\/en\\\/#website\",\"url\":\"https:\\\/\\\/gaspar.com.pt\\\/en\\\/\",\"name\":\"Gaspar\",\"description\":\"Cities moving forward\",\"potentialAction\":[{\"@type\":\"SearchAction\",\"target\":{\"@type\":\"EntryPoint\",\"urlTemplate\":\"https:\\\/\\\/gaspar.com.pt\\\/en\\\/?s={search_term_string}\"},\"query-input\":{\"@type\":\"PropertyValueSpecification\",\"valueRequired\":true,\"valueName\":\"search_term_string\"}}],\"inLanguage\":\"en-US\"}]}<\/script>\n<!-- \/ Yoast SEO plugin. -->","yoast_head_json":{"title":"Footer_en - Gaspar","robots":{"index":"index","follow":"follow","max-snippet":"max-snippet:-1","max-image-preview":"max-image-preview:large","max-video-preview":"max-video-preview:-1"},"canonical":"https:\/\/gaspar.com.pt\/en\/footer_en\/","og_locale":"en_US","og_type":"article","og_title":"Footer_en - Gaspar","og_description":"[vc_row][vc_column width=&#8221;1\/4&#8243;][vc_column_text]Solutions Road Signaling Road Safety Urban Playground Outdoor Fitness Skatepark Vehicle behavior Enforcement Parking Dynamic Signaling Access Control Bike Sharing C-ITS Intelligent Urban Furniture Environment and Energy Ecological Flooring[\/vc_column_text][\/vc_column][vc_column","og_url":"https:\/\/gaspar.com.pt\/en\/footer_en\/","og_site_name":"Gaspar","article_modified_time":"2022-09-21T16:03:34+00:00","twitter_card":"summary_large_image","twitter_misc":{"Est. reading time":"2 minutes"},"schema":{"@context":"https:\/\/schema.org","@graph":[{"@type":"WebPage","@id":"https:\/\/gaspar.com.pt\/en\/footer_en\/","url":"https:\/\/gaspar.com.pt\/en\/footer_en\/","name":"Footer_en - Gaspar","isPartOf":{"@id":"https:\/\/gaspar.com.pt\/en\/#website"},"datePublished":"2022-03-09T16:41:23+00:00","dateModified":"2022-09-21T16:03:34+00:00","breadcrumb":{"@id":"https:\/\/gaspar.com.pt\/en\/footer_en\/#breadcrumb"},"inLanguage":"en-US","potentialAction":[{"@type":"ReadAction","target":["https:\/\/gaspar.com.pt\/en\/footer_en\/"]}]},{"@type":"BreadcrumbList","@id":"https:\/\/gaspar.com.pt\/en\/footer_en\/#breadcrumb","itemListElement":[{"@type":"ListItem","position":1,"name":"In\u00edcio","item":"https:\/\/gaspar.com.pt\/en\/"},{"@type":"ListItem","position":2,"name":"Footer_en"}]},{"@type":"WebSite","@id":"https:\/\/gaspar.com.pt\/en\/#website","url":"https:\/\/gaspar.com.pt\/en\/","name":"Gaspar","description":"Cities moving forward","potentialAction":[{"@type":"SearchAction","target":{"@type":"EntryPoint","urlTemplate":"https:\/\/gaspar.com.pt\/en\/?s={search_term_string}"},"query-input":{"@type":"PropertyValueSpecification","valueRequired":true,"valueName":"search_term_string"}}],"inLanguage":"en-US"}]}},"_links":{"self":[{"href":"https:\/\/gaspar.com.pt\/en\/wp-json\/wp\/v2\/pages\/4120","targetHints":{"allow":["GET"]}}],"collection":[{"href":"https:\/\/gaspar.com.pt\/en\/wp-json\/wp\/v2\/pages"}],"about":[{"href":"https:\/\/gaspar.com.pt\/en\/wp-json\/wp\/v2\/types\/page"}],"author":[{"embeddable":true,"href":"https:\/\/gaspar.com.pt\/en\/wp-json\/wp\/v2\/users\/1"}],"replies":[{"embeddable":true,"href":"https:\/\/gaspar.com.pt\/en\/wp-json\/wp\/v2\/comments?post=4120"}],"version-history":[{"count":14,"href":"https:\/\/gaspar.com.pt\/en\/wp-json\/wp\/v2\/pages\/4120\/revisions"}],"predecessor-version":[{"id":4680,"href":"https:\/\/gaspar.com.pt\/en\/wp-json\/wp\/v2\/pages\/4120\/revisions\/4680"}],"wp:attachment":[{"href":"https:\/\/gaspar.com.pt\/en\/wp-json\/wp\/v2\/media?parent=4120"}],"curies":[{"name":"wp","href":"https:\/\/api.w.org\/{rel}","templated":true}]}}